{"id":8813,"date":"2024-04-30T16:16:47","date_gmt":"2024-04-30T15:16:47","guid":{"rendered":"http:\/\/cerclevital.com\/?page_id=8813"},"modified":"2024-04-30T16:51:59","modified_gmt":"2024-04-30T15:51:59","slug":"primer-aniversario-cercle-vital","status":"publish","type":"page","link":"https:\/\/cerclevital.com\/es\/primer-aniversario-cercle-vital\/","title":{"rendered":"Primer Aniversario Cercle Vital"},"content":{"rendered":"<h1>PRIMER ANIVERARIO<br \/>Cercle Vital<\/h1>\n<div>\n<h4>10 de MAYO<br \/>Viernes de 18:00 a 23:00<\/h4>\n<p>Durante la jornada nos acompa\u00f1ar\u00e1n la m\u00fasica, buen ambiente, pica-pica, coca de aniversario y cava para celebrar que ya tenemos un a\u00f1o!<\/p>\n<p>\u00a0<br \/><strong>18:00 a 19:00 h \/ Bienvenida Cercle Vital<\/strong><br \/><strong>19:00 a 20:30 h \/ Ecstatic Dance (sala \u00e9ter)<\/strong><br \/><strong>20:30 a 22:00 h \/ Micro abierto y m\u00fasica en vivo (jard\u00edn)<\/strong><\/p>\n<\/p>\n<\/div>\n<p><img decoding=\"async\" src=\"\/wp-content\/uploads\/2024\/04\/insta_aniversari.jpg\" alt=\"\"><\/p>\n<p><!--more--><br \/>\n<!-- {\"type\":\"layout\",\"children\":[{\"type\":\"section\",\"props\":{\"image_position\":\"center-center\",\"padding\":\"large\",\"style\":\"default\",\"title_breakpoint\":\"xl\",\"title_position\":\"top-left\",\"title_rotation\":\"left\",\"vertical_align\":\"middle\",\"width\":\"default\"},\"children\":[{\"type\":\"row\",\"children\":[{\"type\":\"column\",\"props\":{\"image_position\":\"center-center\",\"position_sticky_breakpoint\":\"m\"},\"children\":[{\"type\":\"headline\",\"props\":{\"content\":\"PRIMER ANIVERARIO<br \\\/>Cercle Vital\",\"text_align\":\"center\",\"title_element\":\"h1\",\"title_style\":\"h2\"}},{\"type\":\"text\",\"props\":{\"column_breakpoint\":\"m\",\"content\":\"\n\n<h4>10 de MAYO<br \\\/>Viernes de 18:00 a 23:00<\\\/h4>\\n\n\n<p>Durante la jornada nos acompa\\u00f1ar\\u00e1n la m\\u00fasica, buen ambiente, pica-pica, coca de aniversario y cava para celebrar que ya tenemos un a\\u00f1o!<\\\/p>\\n\n\n<p>\\u00a0<br \\\/><strong>18:00 a 19:00 h \\\/ Bienvenida Cercle Vital<\\\/strong><br \\\/><strong>19:00 a 20:30 h \\\/ Ecstatic Dance (sala \\u00e9ter)<\\\/strong><br \\\/><strong>20:30 a 22:00 h \\\/ Micro abierto y m\\u00fasica en vivo (jard\\u00edn)<\\\/strong><\\\/p>\\n\n\n<p><\\\/p>\",\"margin\":\"default\",\"text_align\":\"center\"},\"name\":\"TExto aniversari\"},{\"type\":\"image\",\"props\":{\"image\":\"wp-content\\\/uploads\\\/2024\\\/04\\\/insta_aniversari.jpg\",\"image_height\":\"460\",\"image_svg_color\":\"emphasis\",\"image_width\":\"460\",\"margin\":\"default\",\"text_align\":\"center\"}}]}]}],\"name\":\"00 layout aniversari\"}],\"version\":\"4.2.11\"} --><\/p>\n","protected":false},"excerpt":{"rendered":"<p>PRIMER ANIVERARIOCercle Vital 10 de MAYOViernes de 18:00 a 23:00 Durante la jornada nos acompa\u00f1ar\u00e1n la m\u00fasica, buen ambiente, pica-pica, coca de aniversario y cava para celebrar que ya tenemos un a\u00f1o! \u00a018:00 a 19:00 h \/ Bienvenida Cercle Vital19:00 a 20:30 h \/ Ecstatic Dance (sala \u00e9ter)20:30 a 22:00 h \/ Micro abierto y [&hellip;]<\/p>\n","protected":false},"author":433,"featured_media":0,"parent":0,"menu_order":0,"comment_status":"closed","ping_status":"closed","template":"","meta":{"iawp_total_views":0,"_joinchat":[],"footnotes":""},"class_list":["post-8813","page","type-page","status-publish","hentry"],"yoast_head":"<!-- This site is optimized with the Yoast SEO plugin v25.8 - https:\/\/yoast.com\/wordpress\/plugins\/seo\/ -->\n<title>Primer Aniversario Cercle Vital - Cercle Vital<\/title>\n<meta name=\"robots\" content=\"index, follow, max-snippet:-1, max-image-preview:large, max-video-preview:-1\" \/>\n<link rel=\"canonical\" href=\"https:\/\/cerclevital.com\/primer-aniversari-cercle-vital\/\" \/>\n<meta property=\"og:locale\" content=\"es_ES\" \/>\n<meta property=\"og:type\" content=\"article\" \/>\n<meta property=\"og:title\" content=\"Primer Aniversario Cercle Vital - Cercle Vital\" \/>\n<meta property=\"og:description\" content=\"PRIMER ANIVERARIOCercle Vital 10 de MAYOViernes de 18:00 a 23:00 Durante la jornada nos acompa\u00f1ar\u00e1n la m\u00fasica, buen ambiente, pica-pica, coca de aniversario y cava para celebrar que ya tenemos un a\u00f1o! \u00a018:00 a 19:00 h \/ Bienvenida Cercle Vital19:00 a 20:30 h \/ Ecstatic Dance (sala \u00e9ter)20:30 a 22:00 h \/ Micro abierto y [&hellip;]\" \/>\n<meta property=\"og:url\" content=\"https:\/\/cerclevital.com\/primer-aniversari-cercle-vital\/\" \/>\n<meta property=\"og:site_name\" content=\"Cercle Vital\" \/>\n<meta property=\"article:publisher\" content=\"https:\/\/www.instagram.com\/cerclevitalgirona\" \/>\n<meta property=\"article:modified_time\" content=\"2024-04-30T15:51:59+00:00\" \/>\n<meta name=\"twitter:card\" content=\"summary_large_image\" \/>\n<script type=\"application\/ld+json\" class=\"yoast-schema-graph\">{\"@context\":\"https:\/\/schema.org\",\"@graph\":[{\"@type\":\"WebPage\",\"@id\":\"https:\/\/cerclevital.com\/primer-aniversari-cercle-vital\/\",\"url\":\"https:\/\/cerclevital.com\/primer-aniversari-cercle-vital\/\",\"name\":\"Primer Aniversario Cercle Vital - Cercle Vital\",\"isPartOf\":{\"@id\":\"https:\/\/cerclevital.com\/#website\"},\"datePublished\":\"2024-04-30T15:16:47+00:00\",\"dateModified\":\"2024-04-30T15:51:59+00:00\",\"breadcrumb\":{\"@id\":\"https:\/\/cerclevital.com\/primer-aniversari-cercle-vital\/#breadcrumb\"},\"inLanguage\":\"es\",\"potentialAction\":[{\"@type\":\"ReadAction\",\"target\":[\"https:\/\/cerclevital.com\/primer-aniversari-cercle-vital\/\"]}]},{\"@type\":\"BreadcrumbList\",\"@id\":\"https:\/\/cerclevital.com\/primer-aniversari-cercle-vital\/#breadcrumb\",\"itemListElement\":[{\"@type\":\"ListItem\",\"position\":1,\"name\":\"Inici\",\"item\":\"https:\/\/cerclevital.com\/es\/\"},{\"@type\":\"ListItem\",\"position\":2,\"name\":\"Primer Aniversario Cercle Vital\"}]},{\"@type\":\"WebSite\",\"@id\":\"https:\/\/cerclevital.com\/#website\",\"url\":\"https:\/\/cerclevital.com\/\",\"name\":\"Cercle Vital\",\"description\":\"Salut, Consci\u00e8ncia i Desenvolupament hum\u00e0\",\"publisher\":{\"@id\":\"https:\/\/cerclevital.com\/#organization\"},\"potentialAction\":[{\"@type\":\"SearchAction\",\"target\":{\"@type\":\"EntryPoint\",\"urlTemplate\":\"https:\/\/cerclevital.com\/?s={search_term_string}\"},\"query-input\":{\"@type\":\"PropertyValueSpecification\",\"valueRequired\":true,\"valueName\":\"search_term_string\"}}],\"inLanguage\":\"es\"},{\"@type\":\"Organization\",\"@id\":\"https:\/\/cerclevital.com\/#organization\",\"name\":\"Cercle Vital\",\"url\":\"https:\/\/cerclevital.com\/\",\"logo\":{\"@type\":\"ImageObject\",\"inLanguage\":\"es\",\"@id\":\"https:\/\/cerclevital.com\/#\/schema\/logo\/image\/\",\"url\":\"http:\/\/cerclevital.com\/wp-content\/uploads\/2023\/09\/default_image_rs.png\",\"contentUrl\":\"http:\/\/cerclevital.com\/wp-content\/uploads\/2023\/09\/default_image_rs.png\",\"width\":1200,\"height\":630,\"caption\":\"Cercle Vital\"},\"image\":{\"@id\":\"https:\/\/cerclevital.com\/#\/schema\/logo\/image\/\"},\"sameAs\":[\"https:\/\/www.instagram.com\/cerclevitalgirona\",\"https:\/\/www.facebook.com\/cerclevitalgirona\"]}]}<\/script>\n<!-- \/ Yoast SEO plugin. -->","yoast_head_json":{"title":"Primer Aniversario Cercle Vital - Cercle Vital","robots":{"index":"index","follow":"follow","max-snippet":"max-snippet:-1","max-image-preview":"max-image-preview:large","max-video-preview":"max-video-preview:-1"},"canonical":"https:\/\/cerclevital.com\/primer-aniversari-cercle-vital\/","og_locale":"es_ES","og_type":"article","og_title":"Primer Aniversario Cercle Vital - Cercle Vital","og_description":"PRIMER ANIVERARIOCercle Vital 10 de MAYOViernes de 18:00 a 23:00 Durante la jornada nos acompa\u00f1ar\u00e1n la m\u00fasica, buen ambiente, pica-pica, coca de aniversario y cava para celebrar que ya tenemos un a\u00f1o! \u00a018:00 a 19:00 h \/ Bienvenida Cercle Vital19:00 a 20:30 h \/ Ecstatic Dance (sala \u00e9ter)20:30 a 22:00 h \/ Micro abierto y [&hellip;]","og_url":"https:\/\/cerclevital.com\/primer-aniversari-cercle-vital\/","og_site_name":"Cercle Vital","article_publisher":"https:\/\/www.instagram.com\/cerclevitalgirona","article_modified_time":"2024-04-30T15:51:59+00:00","twitter_card":"summary_large_image","schema":{"@context":"https:\/\/schema.org","@graph":[{"@type":"WebPage","@id":"https:\/\/cerclevital.com\/primer-aniversari-cercle-vital\/","url":"https:\/\/cerclevital.com\/primer-aniversari-cercle-vital\/","name":"Primer Aniversario Cercle Vital - Cercle Vital","isPartOf":{"@id":"https:\/\/cerclevital.com\/#website"},"datePublished":"2024-04-30T15:16:47+00:00","dateModified":"2024-04-30T15:51:59+00:00","breadcrumb":{"@id":"https:\/\/cerclevital.com\/primer-aniversari-cercle-vital\/#breadcrumb"},"inLanguage":"es","potentialAction":[{"@type":"ReadAction","target":["https:\/\/cerclevital.com\/primer-aniversari-cercle-vital\/"]}]},{"@type":"BreadcrumbList","@id":"https:\/\/cerclevital.com\/primer-aniversari-cercle-vital\/#breadcrumb","itemListElement":[{"@type":"ListItem","position":1,"name":"Inici","item":"https:\/\/cerclevital.com\/es\/"},{"@type":"ListItem","position":2,"name":"Primer Aniversario Cercle Vital"}]},{"@type":"WebSite","@id":"https:\/\/cerclevital.com\/#website","url":"https:\/\/cerclevital.com\/","name":"Cercle Vital","description":"Salut, Consci\u00e8ncia i Desenvolupament hum\u00e0","publisher":{"@id":"https:\/\/cerclevital.com\/#organization"},"potentialAction":[{"@type":"SearchAction","target":{"@type":"EntryPoint","urlTemplate":"https:\/\/cerclevital.com\/?s={search_term_string}"},"query-input":{"@type":"PropertyValueSpecification","valueRequired":true,"valueName":"search_term_string"}}],"inLanguage":"es"},{"@type":"Organization","@id":"https:\/\/cerclevital.com\/#organization","name":"Cercle Vital","url":"https:\/\/cerclevital.com\/","logo":{"@type":"ImageObject","inLanguage":"es","@id":"https:\/\/cerclevital.com\/#\/schema\/logo\/image\/","url":"http:\/\/cerclevital.com\/wp-content\/uploads\/2023\/09\/default_image_rs.png","contentUrl":"http:\/\/cerclevital.com\/wp-content\/uploads\/2023\/09\/default_image_rs.png","width":1200,"height":630,"caption":"Cercle Vital"},"image":{"@id":"https:\/\/cerclevital.com\/#\/schema\/logo\/image\/"},"sameAs":["https:\/\/www.instagram.com\/cerclevitalgirona","https:\/\/www.facebook.com\/cerclevitalgirona"]}]}},"_links":{"self":[{"href":"https:\/\/cerclevital.com\/es\/wp-json\/wp\/v2\/pages\/8813","targetHints":{"allow":["GET"]}}],"collection":[{"href":"https:\/\/cerclevital.com\/es\/wp-json\/wp\/v2\/pages"}],"about":[{"href":"https:\/\/cerclevital.com\/es\/wp-json\/wp\/v2\/types\/page"}],"author":[{"embeddable":true,"href":"https:\/\/cerclevital.com\/es\/wp-json\/wp\/v2\/users\/433"}],"replies":[{"embeddable":true,"href":"https:\/\/cerclevital.com\/es\/wp-json\/wp\/v2\/comments?post=8813"}],"version-history":[{"count":0,"href":"https:\/\/cerclevital.com\/es\/wp-json\/wp\/v2\/pages\/8813\/revisions"}],"wp:attachment":[{"href":"https:\/\/cerclevital.com\/es\/wp-json\/wp\/v2\/media?parent=8813"}],"curies":[{"name":"wp","href":"https:\/\/api.w.org\/{rel}","templated":true}]}}