{"id":2142,"date":"2023-08-31T17:48:24","date_gmt":"2023-08-31T15:48:24","guid":{"rendered":"http:\/\/cerclevital.com\/beta\/?page_id=2142"},"modified":"2023-09-04T09:16:02","modified_gmt":"2023-09-04T07:16:02","slug":"las-voces-que-recuerdan","status":"publish","type":"page","link":"https:\/\/cerclevital.com\/es\/talleres\/las-voces-que-recuerdan\/","title":{"rendered":"Las voces que recuerdan"},"content":{"rendered":"<p><img decoding=\"async\" src=\"\/beta\/wp-content\/uploads\/2023\/08\/les-veus-ts.jpg\" alt=\"\"><\/p>\n<p>\n    <a href=\"\/beta\/es\/talleres\">TALLERES<\/a>\n<\/p>\n<div>14 SEPTIEMBRE<\/div>\n<h1>Las Voces que recuerdan<\/h1>\n<h2>Un camino de reconexi\u00f3n con el poder sanador de nuestras Voces<\/h2>\n<div>\n<p>Este ser\u00e1 un aperitivo de lo que se desplegar\u00e1 en un recorrido de 5 talleres a lo largo del a\u00f1o y que tiene la propuesta de reconectar con nuestras Voces, nuestra expresi\u00f3n y su potencial conect\u00e1ndonos con la Madre Tierra y sus Ciclos.<\/p>\n<p>La Voz es un instrumento de Poder con el que podemos sanarnos y sanar a los dem\u00e9s. Es una gran herramienta que tenemos en nuestro cuerpo y que ha sido silenciada y restringida limitando as\u00ed sus posibilidades.<br \/>La Voz tambi\u00e9n nos permite crear paisajes internos donde recordamos nuestros or\u00edgenes y donde podemos sentir en nosotros las Fuerzas de la Naturaleza.<\/p>\n<p>Esta es la combinaci\u00f3n de \u201cLas Voces que recuerdan\u201d. Un viaje a trav\u00e9s de nuestra Voz por (re)despertarla y descubrirla de nuevo, para conectar con los diferentes arquetipos c\u00edclicos de la Vida y las diferentes Fuerzas y Divinidades de la Naturaleza que nos facilitan este trabajo.<br \/>Trabajaremos con cantos de la tradici\u00f3n afrobrasilera de la Umbandaime y otros cantos medicina. Cantos tribales, ancestrales y originarios que todos llevamos dentro y que nos ayudan a explorar nuestro potencial.<br \/>Un recorrido emocionante y en tribu, donde todo es posible y que tiene el gozo como prop\u00f3sito.<\/p>\n<p>Nos encontramos el jueves 14 de septiembre en la Sala \u00c9ter del Cercle Vital a las 18 horas.<\/p>\n<\/div>\n<p><a href=\"\/beta\/equipo\/anna-soldevila\/\"><img decoding=\"async\" src=\"\/beta\/wp-content\/uploads\/2023\/08\/Ana_web_1-1.jpg\" alt=\"\"><\/a><\/p>\n<h1>Facilita<\/h1>\n<div>\n<h3>ANNA SOLDEVILA VILA<\/h3>\n<div>\n<p>Terapeuta integrativa y acompa\u00f1ando de procesos terap\u00e9uticos de individuaci\u00f3n, profundizaci\u00f3n y reencuentro con el Ser.<\/p>\n<p>Astr\u00f3loga, cristaloterapeuta por la mujer y la conciencia c\u00edclica, terapeuta floral, terapeuta corporal y m\u00fasica.<\/p>\n<\/div>\n<p><a href=\"\/beta\/es\/equipo\/anna-soldevila\/\">VER M\u00c1S<\/a><\/p>\n<\/div>\n<h4>\n<p><span>14 DE SEPTIEMBRE<br \/>Jueves de 18 a 20 h<\/p>\n<p>PRECIO: 15 \u20ac<br \/><\/span><\/p>\n<\/h4>\n<h5>\n<p><strong>M\u00e1s informaci\u00f3n<\/strong><\/p>\n<\/h5>\n<ul>\n<li>\n<p><a href=\"https:\/\/api.whatsapp.com\/send\/?phone=%2B34653934426&#038;text&#038;type=phone_number&#038;app_absent=0\"><\/p>\n<p><a href=\"https:\/\/wa.me\/+34660759473\">660 759 473<\/a><\/p>\n<p><\/a><\/p>\n<\/li>\n<li>\n<p><a href=\"https:\/\/api.whatsapp.com\/send\/?phone=%2B34653934426&#038;text&#038;type=phone_number&#038;app_absent=0\"><\/p>\n<p><a href=\"mailto:anna@solde-essencia.com\" target=\"_blank\" rel=\"noopener\">anna@solde-essencia.com<\/a><a href=\"mailto:marfilolga@gmail.com\"><\/a><\/p>\n<p><\/a><\/p>\n<\/li>\n<li>\n<p><a href=\"https:\/\/api.whatsapp.com\/send\/?phone=%2B34653934426&#038;text&#038;type=phone_number&#038;app_absent=0\"><\/p>\n<p><a href=\"https:\/\/www.solde-essencia.com\" target=\"_blank\" rel=\"noopener\">www.solde-essencia.com<\/a><\/p>\n<p><\/a><\/p>\n<\/li>\n<li>\n<p><a href=\"https:\/\/www.instagram.com\/solde.essencia\"><\/p>\n<p>@solde.essencia<\/p>\n<p><\/a><\/p>\n<\/li>\n<li>\n<p><a href=\"https:\/\/www.youtube.com\/@essencia395\"><\/p>\n<p>@essencia395<\/p>\n<p><\/a><\/p>\n<\/li>\n<\/ul>\n<h3>Dirigido a<\/h3>\n<div>\n<p>A todas las personas que tengan ganas de explorarse y de explorar el potencial de su Voz. A todas las personas que quieran conocer cantos de pueblos originarios y otras culturas.<\/p>\n<p>A todas las personas valientes que quieran cantar, sin ninguna necesidad de saber ni tener nivel o conocimientos previos de los cantos. Este no es nuestro objetivo, m\u00e1s bien ser\u00e1 disfrutar con el canto y conectarnos con nuestro interior.<\/p>\n<\/div>\n<h3>Inscripci\u00f3n<\/h3>\n<div>\n<script>\n  if (typeof hasAmeliaEvent === 'undefined') {\n    var hasAmeliaEvent = true;\n  }\n  if (typeof hasEventApiCall === 'undefined' && ('' === '' && '' !== '1')) {\n    var hasEventApiCall = true;\n  }\n  var hasEventShortcode = (typeof hasEventShortcode === 'undefined') ? false : true;\n  var ameliaShortcodeData = (typeof ameliaShortcodeData === 'undefined') ? [] : ameliaShortcodeData;\n  ameliaShortcodeData.push(\n    {\n      'hasApiCall': (typeof hasEventApiCall !== 'undefined') && hasEventApiCall,\n      'trigger': '',\n      'trigger_type': '',\n      'triggered_form': 'elf',\n      'in_dialog': '',\n      'counter': '1000',\n      'employee': '',\n      'eventId': '2',\n      'eventRecurring': 0,\n      'eventTag': \"\",\n      'locationId': \"\"\n    }\n  );\n  var ameliaShortcodeDataTriggered = (typeof ameliaShortcodeDataTriggered === 'undefined') ? [] : ameliaShortcodeDataTriggered;\n  if (ameliaShortcodeData[ameliaShortcodeData.length - 1].trigger !== '') {\n    if (ameliaShortcodeDataTriggered.filter(a => a.counter === ameliaShortcodeData[ameliaShortcodeData.length - 1].counter).length === 0) {\n      ameliaShortcodeDataTriggered.push(ameliaShortcodeData.pop());\n    } else {\n      ameliaShortcodeData.pop()\n    }\n  }\n  if (typeof hasEventApiCall !== 'undefined' && hasEventApiCall) {\n    hasEventApiCall = false;\n  }\n<\/script>\n\n<div\n  id=\"amelia-v2-booking-1000\"\n  class=\"amelia-v2-booking\"\n>\n    <events-list-form-wrapper><\/div>\n<\/div>\n<p>\n    <a href=\"\/beta\/es\/talleres\/\">M\u00c1S TALLERES<\/a>\n<\/p>\n<p><!--more--><br \/>\n<!-- {\"type\":\"layout\",\"children\":[{\"type\":\"section\",\"props\":{\"image_position\":\"center-center\",\"padding\":\"large\",\"style\":\"default\",\"title_breakpoint\":\"xl\",\"title_position\":\"top-left\",\"title_rotation\":\"left\",\"vertical_align\":\"middle\",\"width\":\"default\"},\"children\":[{\"type\":\"row\",\"children\":[{\"type\":\"column\",\"props\":{\"image_position\":\"center-center\",\"position_sticky_breakpoint\":\"m\",\"width_medium\":\"1-3\"},\"children\":[{\"type\":\"image\",\"props\":{\"image\":\"wp-content\\\/uploads\\\/2023\\\/08\\\/les-veus-ts.jpg\",\"image_height\":\"600\",\"image_svg_color\":\"emphasis\",\"image_width\":\"600\",\"margin\":\"default\"}},{\"type\":\"button\",\"props\":{\"fullwidth\":true,\"grid_column_gap\":\"small\",\"grid_row_gap\":\"small\",\"margin\":\"default\",\"margin_remove_top\":false,\"text_align\":\"left\",\"visibility\":\"l\"},\"children\":[{\"type\":\"button_item\",\"props\":{\"button_style\":\"secondary\",\"content\":\"TALLERES\",\"icon\":\"arrow-left\",\"icon_align\":\"left\",\"link\":\"es\\\/talleres\"}}]}]},{\"type\":\"column\",\"props\":{\"image_position\":\"center-center\",\"position_sticky_breakpoint\":\"m\",\"width_medium\":\"2-3\"},\"children\":[{\"type\":\"headline\",\"props\":{\"content\":\"14 SEPTIEMBRE\",\"text_align\":\"left\",\"title_element\":\"div\",\"title_font_family\":\"primary\",\"title_style\":\"heading-xlarge\"}},{\"type\":\"headline\",\"props\":{\"content\":\"Las Voces que recuerdan\",\"margin\":\"medium\",\"margin_remove_bottom\":true,\"margin_remove_top\":true,\"text_align\":\"left\",\"title_element\":\"h1\",\"title_style\":\"heading-small\"}},{\"type\":\"headline\",\"props\":{\"content\":\"Un camino de reconexi\\u00f3n con el poder sanador de nuestras Voces\",\"margin\":\"medium\",\"margin_remove_bottom\":true,\"margin_remove_top\":true,\"text_align\":\"left\",\"title_element\":\"h2\",\"title_style\":\"h4\"}},{\"type\":\"text\",\"props\":{\"column_breakpoint\":\"m\",\"content\":\"\n\n<p>Este ser\\u00e1 un aperitivo de lo que se desplegar\\u00e1 en un recorrido de 5 talleres a lo largo del a\\u00f1o y que tiene la propuesta de reconectar con nuestras Voces, nuestra expresi\\u00f3n y su potencial conect\\u00e1ndonos con la Madre Tierra y sus Ciclos.<\\\/p>\\n\n\n<p>La Voz es un instrumento de Poder con el que podemos sanarnos y sanar a los dem\\u00e9s. Es una gran herramienta que tenemos en nuestro cuerpo y que ha sido silenciada y restringida limitando as\\u00ed sus posibilidades.<br \\\/>La Voz tambi\\u00e9n nos permite crear paisajes internos donde recordamos nuestros or\\u00edgenes y donde podemos sentir en nosotros las Fuerzas de la Naturaleza.<\\\/p>\\n\n\n<p>Esta es la combinaci\\u00f3n de \\u201cLas Voces que recuerdan\\u201d. Un viaje a trav\\u00e9s de nuestra Voz por (re)despertarla y descubrirla de nuevo, para conectar con los diferentes arquetipos c\\u00edclicos de la Vida y las diferentes Fuerzas y Divinidades de la Naturaleza que nos facilitan este trabajo.<br \\\/>Trabajaremos con cantos de la tradici\\u00f3n afrobrasilera de la Umbandaime y otros cantos medicina. Cantos tribales, ancestrales y originarios que todos llevamos dentro y que nos ayudan a explorar nuestro potencial.<br \\\/>Un recorrido emocionante y en tribu, donde todo es posible y que tiene el gozo como prop\\u00f3sito.<\\\/p>\\n\n\n<p>Nos encontramos el jueves 14 de septiembre en la Sala \\u00c9ter del Cercle Vital a las 18 horas.<\\\/p>\",\"margin\":\"default\",\"text_align\":\"justify\"}}]}],\"props\":{\"column_gap\":\"large\",\"layout\":\"1-3,2-3\"}},{\"type\":\"row\",\"children\":[{\"type\":\"column\",\"props\":{\"image_position\":\"center-center\",\"position_sticky_breakpoint\":\"m\",\"width_medium\":\"1-3\"},\"children\":[{\"type\":\"image\",\"props\":{\"image\":\"wp-content\\\/uploads\\\/2023\\\/08\\\/Ana_web_1-1.jpg\",\"image_svg_color\":\"emphasis\",\"link\":\"equipo\\\/anna-soldevila\\\/\",\"margin\":\"default\"}}]},{\"type\":\"column\",\"props\":{\"image_position\":\"center-center\",\"position_sticky_breakpoint\":\"m\",\"width_medium\":\"2-3\"},\"children\":[{\"type\":\"fragment\",\"props\":{\"margin\":\"default\"},\"children\":[{\"type\":\"row\",\"children\":[{\"type\":\"column\",\"props\":{\"image_position\":\"center-center\",\"position_sticky_breakpoint\":\"m\",\"width_medium\":\"3-5\"},\"children\":[{\"type\":\"headline\",\"props\":{\"content\":\"Facilita\",\"title_element\":\"h1\",\"title_style\":\"h2\"}}]},{\"type\":\"column\",\"props\":{\"image_position\":\"center-center\",\"position_sticky_breakpoint\":\"m\",\"width_medium\":\"2-5\"},\"children\":[{\"type\":\"headline\",\"props\":{\"content\":\"\",\"title_element\":\"h1\",\"title_style\":\"h2\"}}]}],\"props\":{\"layout\":\"3-5,2-5\"}},{\"type\":\"row\",\"props\":{\"divider\":true,\"layout\":\"3-5,2-5\",\"margin\":\"default\"},\"children\":[{\"type\":\"column\",\"props\":{\"image_position\":\"center-center\",\"position_sticky_breakpoint\":\"m\",\"width_medium\":\"3-5\"},\"children\":[{\"type\":\"panel\",\"props\":{\"content\":\"\n\n<p>Terapeuta integrativa y acompa\\u00f1ando de procesos terap\\u00e9uticos de individuaci\\u00f3n, profundizaci\\u00f3n y reencuentro con el Ser.<\\\/p>\\n\n\n<p>Astr\\u00f3loga, cristaloterapeuta por la mujer y la conciencia c\\u00edclica, terapeuta floral, terapeuta corporal y m\\u00fasica.<\\\/p>\",\"content_column_breakpoint\":\"m\",\"icon_width\":80,\"image\":\"\",\"image_align\":\"right\",\"image_grid_breakpoint\":\"s\",\"image_grid_row_gap\":\"large\",\"image_grid_width\":\"2-5\",\"image_link\":true,\"image_svg_color\":\"emphasis\",\"image_transition\":\"scale-up\",\"image_vertical_align\":false,\"image_width\":\"400\",\"link\":\"es\\\/equipo\\\/anna-soldevila\\\/\",\"link_style\":\"secondary\",\"link_text\":\"VER M\\u00c1S\",\"margin\":\"default\",\"meta\":\"\",\"meta_align\":\"above-title\",\"meta_element\":\"div\",\"meta_style\":\"h2\",\"panel_link\":true,\"title\":\"ANNA SOLDEVILA VILA\",\"title_align\":\"top\",\"title_element\":\"h3\",\"title_grid_breakpoint\":\"m\",\"title_grid_width\":\"1-2\",\"title_hover_style\":\"heading\",\"title_link\":true,\"title_style\":\"h4\"},\"name\":\"FACILITADORA\"}]},{\"type\":\"column\",\"props\":{\"image_position\":\"center-center\",\"position_sticky_breakpoint\":\"m\",\"width_medium\":\"2-5\"},\"children\":[{\"type\":\"headline\",\"props\":{\"content\":\"\n\n<p><span>14 DE SEPTIEMBRE<br \\\/>Jueves de 18 a 20 h<br \\\/><br \\\/>PRECIO: 15 \\u20ac<br \\\/><\\\/span><\\\/p>\",\"title_element\":\"h4\",\"title_style\":\"h4\"},\"name\":\"previos olga\"},{\"type\":\"headline\",\"props\":{\"content\":\"\n\n<p><strong>M\\u00e1s informaci\\u00f3n<\\\/strong><\\\/p>\",\"margin\":\"medium\",\"margin_remove_bottom\":true,\"title_element\":\"h5\",\"title_style\":\"h5\"},\"name\":\"Reserva olga\"},{\"type\":\"list\",\"props\":{\"column_breakpoint\":\"m\",\"content_style\":\"h5\",\"icon_width\":\"24\",\"image_align\":\"left\",\"image_svg_color\":\"emphasis\",\"image_vertical_align\":true,\"link_style\":\"text\",\"list_element\":\"ul\",\"list_horizontal_separator\":\", \",\"list_type\":\"vertical\",\"margin\":\"default\",\"margin_remove_top\":false,\"show_image\":true,\"show_link\":true},\"children\":[{\"type\":\"list_item\",\"props\":{\"content\":\"\n\n<p><a href=\\\"https:\\\/\\\/wa.me\\\/+34660759473\\\">660 759 473<\\\/a><\\\/p>\",\"icon\":\"whatsapp\",\"link\":\"https:\\\/\\\/api.whatsapp.com\\\/send\\\/?phone=%2B34653934426&text&type=phone_number&app_absent=0\"}},{\"type\":\"list_item\",\"props\":{\"content\":\"\n\n<p><a href=\\\"mailto:anna@solde-essencia.com\\\" target=\\\"_blank\\\" rel=\\\"noopener\\\">anna@solde-essencia.com<\\\/a><a href=\\\"mailto:marfilolga@gmail.com\\\"><\\\/a><\\\/p>\",\"icon\":\"mail\",\"link\":\"https:\\\/\\\/api.whatsapp.com\\\/send\\\/?phone=%2B34653934426&text&type=phone_number&app_absent=0\"}},{\"type\":\"list_item\",\"props\":{\"content\":\"\n\n<p><a href=\\\"https:\\\/\\\/www.solde-essencia.com\\\" target=\\\"_blank\\\" rel=\\\"noopener\\\">www.solde-essencia.com<\\\/a><\\\/p>\",\"icon\":\"world\",\"link\":\"https:\\\/\\\/api.whatsapp.com\\\/send\\\/?phone=%2B34653934426&text&type=phone_number&app_absent=0\"}},{\"type\":\"list_item\",\"props\":{\"content\":\"\n\n<p>@solde.essencia<\\\/p>\",\"icon\":\"instagram\",\"link\":\"https:\\\/\\\/www.instagram.com\\\/solde.essencia\"}},{\"type\":\"list_item\",\"props\":{\"content\":\"\n\n<p>@essencia395<\\\/p>\",\"icon\":\"youtube\",\"link\":\"https:\\\/\\\/www.youtube.com\\\/@essencia395\"}}],\"name\":\"List Anna\"}]}]}]}]}],\"props\":{\"column_gap\":\"large\",\"divider\":false,\"layout\":\"1-3,2-3\",\"margin\":\"large\",\"match\":true,\"width\":\"default\"}},{\"type\":\"row\",\"children\":[{\"type\":\"column\",\"props\":{\"image_position\":\"center-center\",\"order_first\":\"m\",\"position_sticky_breakpoint\":\"m\",\"vertical_align\":\"bottom\",\"width_medium\":\"1-3\"}},{\"type\":\"column\",\"props\":{\"image_position\":\"center-center\",\"order_first\":\"s\",\"position_sticky_breakpoint\":\"m\",\"width_medium\":\"2-3\"},\"children\":[{\"type\":\"fragment\",\"props\":{\"margin\":\"default\"},\"children\":[{\"type\":\"row\",\"children\":[{\"type\":\"column\",\"props\":{\"image_position\":\"center-center\",\"position_sticky_breakpoint\":\"m\",\"width_medium\":\"3-5\"},\"children\":[{\"type\":\"headline\",\"props\":{\"content\":\"Dirigido a\",\"title_element\":\"h3\",\"title_style\":\"h2\"}},{\"type\":\"text\",\"props\":{\"column_breakpoint\":\"m\",\"content\":\"\n\n<p>A todas las personas que tengan ganas de explorarse y de explorar el potencial de su Voz. A todas las personas que quieran conocer cantos de pueblos originarios y otras culturas.<\\\/p>\\n\n\n<p>A todas las personas valientes que quieran cantar, sin ninguna necesidad de saber ni tener nivel o conocimientos previos de los cantos. Este no es nuestro objetivo, m\\u00e1s bien ser\\u00e1 disfrutar con el canto y conectarnos con nuestro interior.<\\\/p>\",\"margin\":\"default\",\"maxwidth\":\"large\"}}]},{\"type\":\"column\",\"props\":{\"image_position\":\"center-center\",\"position_sticky_breakpoint\":\"m\",\"width_medium\":\"2-5\"},\"children\":[{\"type\":\"headline\",\"props\":{\"content\":\"Inscripci\\u00f3n\",\"title_element\":\"h3\",\"title_style\":\"h2\"}},{\"type\":\"html\",\"props\":{\"content\":\"[ameliaeventslistbooking event=2]\"}}]}],\"props\":{\"divider\":true,\"layout\":\"3-5,2-5\"}}]},{\"type\":\"button\",\"props\":{\"grid_column_gap\":\"small\",\"grid_row_gap\":\"small\",\"margin\":\"medium\"},\"children\":[{\"type\":\"button_item\",\"props\":{\"button_style\":\"primary\",\"content\":\"M\\u00c1S TALLERES\",\"icon\":\"arrow-left\",\"icon_align\":\"left\",\"link\":\"es\\\/talleres\\\/\"}}]}]}],\"props\":{\"column_gap\":\"large\",\"divider\":false,\"layout\":\"1-3,2-3\",\"margin\":\"large\",\"match\":true,\"width\":\"default\"}}]}],\"version\":\"4.0.8\"} --><\/p>\n","protected":false},"excerpt":{"rendered":"<p>TALLERES 14 SEPTIEMBRE Las Voces que recuerdan Un camino de reconexi\u00f3n con el poder sanador de nuestras Voces Este ser\u00e1 un aperitivo de lo que se desplegar\u00e1 en un recorrido de 5 talleres a lo largo del a\u00f1o y que tiene la propuesta de reconectar con nuestras Voces, nuestra expresi\u00f3n y su potencial conect\u00e1ndonos con [&hellip;]<\/p>\n","protected":false},"author":433,"featured_media":1545,"parent":2061,"menu_order":1,"comment_status":"closed","ping_status":"closed","template":"","meta":{"iawp_total_views":0,"_joinchat":[],"footnotes":""},"class_list":["post-2142","page","type-page","status-publish","has-post-thumbnail","hentry"],"yoast_head":"<!-- This site is optimized with the Yoast SEO plugin v25.8 - https:\/\/yoast.com\/wordpress\/plugins\/seo\/ -->\n<title>Las voces que recuerdan - Cercle Vital<\/title>\n<meta name=\"robots\" content=\"index, follow, max-snippet:-1, max-image-preview:large, max-video-preview:-1\" \/>\n<link rel=\"canonical\" href=\"https:\/\/cerclevital.com\/tallers\/les-veus-que-recorden\/\" \/>\n<meta property=\"og:locale\" content=\"es_ES\" \/>\n<meta property=\"og:type\" content=\"article\" \/>\n<meta property=\"og:title\" content=\"Las voces que recuerdan - Cercle Vital\" \/>\n<meta property=\"og:description\" content=\"TALLERES 14 SEPTIEMBRE Las Voces que recuerdan Un camino de reconexi\u00f3n con el poder sanador de nuestras Voces Este ser\u00e1 un aperitivo de lo que se desplegar\u00e1 en un recorrido de 5 talleres a lo largo del a\u00f1o y que tiene la propuesta de reconectar con nuestras Voces, nuestra expresi\u00f3n y su potencial conect\u00e1ndonos con [&hellip;]\" \/>\n<meta property=\"og:url\" content=\"https:\/\/cerclevital.com\/tallers\/les-veus-que-recorden\/\" \/>\n<meta property=\"og:site_name\" content=\"Cercle Vital\" \/>\n<meta property=\"article:publisher\" content=\"https:\/\/www.instagram.com\/cerclevitalgirona\" \/>\n<meta property=\"article:modified_time\" content=\"2023-09-04T07:16:02+00:00\" \/>\n<meta property=\"og:image\" content=\"https:\/\/cerclevital.com\/wp-content\/uploads\/2023\/08\/les-veus-ts.jpg\" \/>\n\t<meta property=\"og:image:width\" content=\"1000\" \/>\n\t<meta property=\"og:image:height\" content=\"666\" \/>\n\t<meta property=\"og:image:type\" content=\"image\/jpeg\" \/>\n<meta name=\"twitter:card\" content=\"summary_large_image\" \/>\n<meta name=\"twitter:label1\" content=\"Tiempo de lectura\" \/>\n\t<meta name=\"twitter:data1\" content=\"2 minutos\" \/>\n<script type=\"application\/ld+json\" class=\"yoast-schema-graph\">{\"@context\":\"https:\/\/schema.org\",\"@graph\":[{\"@type\":\"WebPage\",\"@id\":\"https:\/\/cerclevital.com\/tallers\/les-veus-que-recorden\/\",\"url\":\"https:\/\/cerclevital.com\/tallers\/les-veus-que-recorden\/\",\"name\":\"Las voces que recuerdan - Cercle Vital\",\"isPartOf\":{\"@id\":\"https:\/\/cerclevital.com\/#website\"},\"primaryImageOfPage\":{\"@id\":\"https:\/\/cerclevital.com\/tallers\/les-veus-que-recorden\/#primaryimage\"},\"image\":{\"@id\":\"https:\/\/cerclevital.com\/tallers\/les-veus-que-recorden\/#primaryimage\"},\"thumbnailUrl\":\"https:\/\/cerclevital.com\/wp-content\/uploads\/2023\/08\/les-veus-ts.jpg\",\"datePublished\":\"2023-08-31T15:48:24+00:00\",\"dateModified\":\"2023-09-04T07:16:02+00:00\",\"breadcrumb\":{\"@id\":\"https:\/\/cerclevital.com\/tallers\/les-veus-que-recorden\/#breadcrumb\"},\"inLanguage\":\"es\",\"potentialAction\":[{\"@type\":\"ReadAction\",\"target\":[\"https:\/\/cerclevital.com\/tallers\/les-veus-que-recorden\/\"]}]},{\"@type\":\"ImageObject\",\"inLanguage\":\"es\",\"@id\":\"https:\/\/cerclevital.com\/tallers\/les-veus-que-recorden\/#primaryimage\",\"url\":\"https:\/\/cerclevital.com\/wp-content\/uploads\/2023\/08\/les-veus-ts.jpg\",\"contentUrl\":\"https:\/\/cerclevital.com\/wp-content\/uploads\/2023\/08\/les-veus-ts.jpg\",\"width\":1000,\"height\":666},{\"@type\":\"BreadcrumbList\",\"@id\":\"https:\/\/cerclevital.com\/tallers\/les-veus-que-recorden\/#breadcrumb\",\"itemListElement\":[{\"@type\":\"ListItem\",\"position\":1,\"name\":\"Inici\",\"item\":\"https:\/\/cerclevital.com\/es\/\"},{\"@type\":\"ListItem\",\"position\":2,\"name\":\"Talleres\",\"item\":\"https:\/\/cerclevital.com\/tallers\/\"},{\"@type\":\"ListItem\",\"position\":3,\"name\":\"Las voces que recuerdan\"}]},{\"@type\":\"WebSite\",\"@id\":\"https:\/\/cerclevital.com\/#website\",\"url\":\"https:\/\/cerclevital.com\/\",\"name\":\"Cercle Vital\",\"description\":\"Salut, Consci\u00e8ncia i Desenvolupament hum\u00e0\",\"publisher\":{\"@id\":\"https:\/\/cerclevital.com\/#organization\"},\"potentialAction\":[{\"@type\":\"SearchAction\",\"target\":{\"@type\":\"EntryPoint\",\"urlTemplate\":\"https:\/\/cerclevital.com\/?s={search_term_string}\"},\"query-input\":{\"@type\":\"PropertyValueSpecification\",\"valueRequired\":true,\"valueName\":\"search_term_string\"}}],\"inLanguage\":\"es\"},{\"@type\":\"Organization\",\"@id\":\"https:\/\/cerclevital.com\/#organization\",\"name\":\"Cercle Vital\",\"url\":\"https:\/\/cerclevital.com\/\",\"logo\":{\"@type\":\"ImageObject\",\"inLanguage\":\"es\",\"@id\":\"https:\/\/cerclevital.com\/#\/schema\/logo\/image\/\",\"url\":\"http:\/\/cerclevital.com\/wp-content\/uploads\/2023\/09\/default_image_rs.png\",\"contentUrl\":\"http:\/\/cerclevital.com\/wp-content\/uploads\/2023\/09\/default_image_rs.png\",\"width\":1200,\"height\":630,\"caption\":\"Cercle Vital\"},\"image\":{\"@id\":\"https:\/\/cerclevital.com\/#\/schema\/logo\/image\/\"},\"sameAs\":[\"https:\/\/www.instagram.com\/cerclevitalgirona\",\"https:\/\/www.facebook.com\/cerclevitalgirona\"]}]}<\/script>\n<!-- \/ Yoast SEO plugin. -->","yoast_head_json":{"title":"Las voces que recuerdan - Cercle Vital","robots":{"index":"index","follow":"follow","max-snippet":"max-snippet:-1","max-image-preview":"max-image-preview:large","max-video-preview":"max-video-preview:-1"},"canonical":"https:\/\/cerclevital.com\/tallers\/les-veus-que-recorden\/","og_locale":"es_ES","og_type":"article","og_title":"Las voces que recuerdan - Cercle Vital","og_description":"TALLERES 14 SEPTIEMBRE Las Voces que recuerdan Un camino de reconexi\u00f3n con el poder sanador de nuestras Voces Este ser\u00e1 un aperitivo de lo que se desplegar\u00e1 en un recorrido de 5 talleres a lo largo del a\u00f1o y que tiene la propuesta de reconectar con nuestras Voces, nuestra expresi\u00f3n y su potencial conect\u00e1ndonos con [&hellip;]","og_url":"https:\/\/cerclevital.com\/tallers\/les-veus-que-recorden\/","og_site_name":"Cercle Vital","article_publisher":"https:\/\/www.instagram.com\/cerclevitalgirona","article_modified_time":"2023-09-04T07:16:02+00:00","og_image":[{"width":1000,"height":666,"url":"https:\/\/cerclevital.com\/wp-content\/uploads\/2023\/08\/les-veus-ts.jpg","type":"image\/jpeg"}],"twitter_card":"summary_large_image","twitter_misc":{"Tiempo de lectura":"2 minutos"},"schema":{"@context":"https:\/\/schema.org","@graph":[{"@type":"WebPage","@id":"https:\/\/cerclevital.com\/tallers\/les-veus-que-recorden\/","url":"https:\/\/cerclevital.com\/tallers\/les-veus-que-recorden\/","name":"Las voces que recuerdan - Cercle Vital","isPartOf":{"@id":"https:\/\/cerclevital.com\/#website"},"primaryImageOfPage":{"@id":"https:\/\/cerclevital.com\/tallers\/les-veus-que-recorden\/#primaryimage"},"image":{"@id":"https:\/\/cerclevital.com\/tallers\/les-veus-que-recorden\/#primaryimage"},"thumbnailUrl":"https:\/\/cerclevital.com\/wp-content\/uploads\/2023\/08\/les-veus-ts.jpg","datePublished":"2023-08-31T15:48:24+00:00","dateModified":"2023-09-04T07:16:02+00:00","breadcrumb":{"@id":"https:\/\/cerclevital.com\/tallers\/les-veus-que-recorden\/#breadcrumb"},"inLanguage":"es","potentialAction":[{"@type":"ReadAction","target":["https:\/\/cerclevital.com\/tallers\/les-veus-que-recorden\/"]}]},{"@type":"ImageObject","inLanguage":"es","@id":"https:\/\/cerclevital.com\/tallers\/les-veus-que-recorden\/#primaryimage","url":"https:\/\/cerclevital.com\/wp-content\/uploads\/2023\/08\/les-veus-ts.jpg","contentUrl":"https:\/\/cerclevital.com\/wp-content\/uploads\/2023\/08\/les-veus-ts.jpg","width":1000,"height":666},{"@type":"BreadcrumbList","@id":"https:\/\/cerclevital.com\/tallers\/les-veus-que-recorden\/#breadcrumb","itemListElement":[{"@type":"ListItem","position":1,"name":"Inici","item":"https:\/\/cerclevital.com\/es\/"},{"@type":"ListItem","position":2,"name":"Talleres","item":"https:\/\/cerclevital.com\/tallers\/"},{"@type":"ListItem","position":3,"name":"Las voces que recuerdan"}]},{"@type":"WebSite","@id":"https:\/\/cerclevital.com\/#website","url":"https:\/\/cerclevital.com\/","name":"Cercle Vital","description":"Salut, Consci\u00e8ncia i Desenvolupament hum\u00e0","publisher":{"@id":"https:\/\/cerclevital.com\/#organization"},"potentialAction":[{"@type":"SearchAction","target":{"@type":"EntryPoint","urlTemplate":"https:\/\/cerclevital.com\/?s={search_term_string}"},"query-input":{"@type":"PropertyValueSpecification","valueRequired":true,"valueName":"search_term_string"}}],"inLanguage":"es"},{"@type":"Organization","@id":"https:\/\/cerclevital.com\/#organization","name":"Cercle Vital","url":"https:\/\/cerclevital.com\/","logo":{"@type":"ImageObject","inLanguage":"es","@id":"https:\/\/cerclevital.com\/#\/schema\/logo\/image\/","url":"http:\/\/cerclevital.com\/wp-content\/uploads\/2023\/09\/default_image_rs.png","contentUrl":"http:\/\/cerclevital.com\/wp-content\/uploads\/2023\/09\/default_image_rs.png","width":1200,"height":630,"caption":"Cercle Vital"},"image":{"@id":"https:\/\/cerclevital.com\/#\/schema\/logo\/image\/"},"sameAs":["https:\/\/www.instagram.com\/cerclevitalgirona","https:\/\/www.facebook.com\/cerclevitalgirona"]}]}},"_links":{"self":[{"href":"https:\/\/cerclevital.com\/es\/wp-json\/wp\/v2\/pages\/2142","targetHints":{"allow":["GET"]}}],"collection":[{"href":"https:\/\/cerclevital.com\/es\/wp-json\/wp\/v2\/pages"}],"about":[{"href":"https:\/\/cerclevital.com\/es\/wp-json\/wp\/v2\/types\/page"}],"author":[{"embeddable":true,"href":"https:\/\/cerclevital.com\/es\/wp-json\/wp\/v2\/users\/433"}],"replies":[{"embeddable":true,"href":"https:\/\/cerclevital.com\/es\/wp-json\/wp\/v2\/comments?post=2142"}],"version-history":[{"count":0,"href":"https:\/\/cerclevital.com\/es\/wp-json\/wp\/v2\/pages\/2142\/revisions"}],"up":[{"embeddable":true,"href":"https:\/\/cerclevital.com\/es\/wp-json\/wp\/v2\/pages\/2061"}],"wp:featuredmedia":[{"embeddable":true,"href":"https:\/\/cerclevital.com\/es\/wp-json\/wp\/v2\/media\/1545"}],"wp:attachment":[{"href":"https:\/\/cerclevital.com\/es\/wp-json\/wp\/v2\/media?parent=2142"}],"curies":[{"name":"wp","href":"https:\/\/api.w.org\/{rel}","templated":true}]}}