{"id":1996,"date":"2023-08-31T11:16:36","date_gmt":"2023-08-31T09:16:36","guid":{"rendered":"https:\/\/vermutcomunicacion.com\/cerclevital\/?page_id=1996"},"modified":"2026-03-24T11:43:03","modified_gmt":"2026-03-24T10:43:03","slug":"reflexologia-podal","status":"publish","type":"page","link":"https:\/\/cerclevital.com\/es\/terapias\/reflexologia-podal\/","title":{"rendered":"Reflexolog\u00eda Podal"},"content":{"rendered":"<p><img decoding=\"async\" src=\"\/wp-content\/uploads\/2026\/03\/FotografiaConscient_AnnaSoldevila_245-scaled-e1774348867488.jpg\" alt=\"Reflexologia podal\"><\/p>\n<h1>TERAPIA<\/h1>\n<h1>Reflexolog\u00eda Podal<\/h1>\n<div>\n<p>La Reflexolog\u00eda Podal es una t\u00e9cnica manual oriental, una rama de la medicina china que consiste en realizar presi\u00f3n a diferentes puntos de los pies, donde se encuentran reflejas cada una de las partes de nuestro cuerpo y \u00f3rganos. Trata de dinamizar, activar, desbloquear y hacer fluir nuestro interior y funciones org\u00e1nicas que necesitan un poco de ayuda.<\/p>\n<p>La intenci\u00f3n es equilibrar el cuerpo f\u00edsico para sumar en el estado energ\u00e9tico y emocional de la persona pudiendo liberar lo que necesita salir. Personalmente, creo que el contacto con los pies nos lleva la atenci\u00f3n en el cuerpo de manera r\u00e1pida, pudiendo descansar en la sensaci\u00f3n de la Tierra y relajando todos los sistemas.<\/p>\n<p>La intuici\u00f3n y la escucha son tambi\u00e9n una buena gu\u00eda en este espacio corporal y si durante la sesi\u00f3n siento trabajar con otras partes del cuerpo y t\u00e9cnicas como la m\u00fasica o la terapia floral, as\u00ed lo har\u00e9. Una vez m\u00e1s, se trata de estar entregada y al servicio de lo que se precisa en la sesi\u00f3n.<\/p>\n<\/div>\n<p><a href=\"\/es\/equipo\/anna-soldevila\/\"><img decoding=\"async\" src=\"\/wp-content\/uploads\/2023\/08\/Ana_web_1-1.jpg\" alt=\"\"><\/a><\/p>\n<h1>Terapeuta<\/h1>\n<div>\n<h3>ANNA SOLDEVILA VILA<\/h3>\n<div>\n<p>Terapeuta integrativa y acompa\u00f1ante de procesos terap\u00e9uticos de individuaci\u00f3n, profundizaci\u00f3n y reencuentro con el Ser. Astr\u00f3loga, terapeuta sist\u00e9mica, cristaloterapeuta para la mujer y la consciencia c\u00edclica, terapeuta floral, terapeuta corporal y m\u00fasica.<span><\/span><\/p>\n<\/div>\n<p><a href=\"\/es\/equipo\/anna-soldevila\/\">VER M\u00c1S<\/a><\/p>\n<\/div>\n<h1>\n<p><strong>Precio:<\/strong><\/p>\n<p>60 \u20ac \/ 1 hora<\/p>\n<\/h1>\n<h1>\n<p><strong>Reservar cita:<\/strong><\/p>\n<\/h1>\n<ul>\n<li>\n<p><a href=\"https:\/\/api.whatsapp.com\/send\/?phone=%2B34653934426&#038;text&#038;type=phone_number&#038;app_absent=0\"><\/p>\n<p><a href=\"https:\/\/wa.me\/+34660759473\">660 759 473<\/a><\/p>\n<p><\/a><\/p>\n<\/li>\n<li>\n<p><a href=\"mailto:anna@solde-essencia.com\"><\/p>\n<p><a href=\"mailto:anna@solde-essencia.com\" target=\"_blank\" rel=\"noopener\">anna@solde-essencia.com<\/a><a href=\"mailto:marfilolga@gmail.com\"><\/a><\/p>\n<p><\/a><\/p>\n<\/li>\n<li>\n<p><a href=\"http:\/\/www.solde-essencia.com\"><\/p>\n<p>www.solde-essencia.com<\/p>\n<p><\/a><\/p>\n<\/li>\n<li>\n<p><a href=\"https:\/\/www.instagram.com\/solde.essencia\"><\/p>\n<p>@solde.essencia<\/p>\n<p><\/a><\/p>\n<\/li>\n<li>\n<p><a href=\"https:\/\/www.youtube.com\/@essencia395\"><\/p>\n<p>@essencia395<\/p>\n<p><\/a><\/p>\n<\/li>\n<\/ul>\n<p>\n    <a href=\"\/es\/terapias\">TERAPIAS<\/a>\n<\/p>\n<p><!--more--><br \/>\n<!-- {\"type\":\"layout\",\"children\":[{\"type\":\"section\",\"props\":{\"image_position\":\"center-center\",\"padding\":\"large\",\"style\":\"default\",\"title_breakpoint\":\"xl\",\"title_position\":\"top-left\",\"title_rotation\":\"left\",\"vertical_align\":\"middle\",\"width\":\"default\"},\"children\":[{\"type\":\"row\",\"children\":[{\"type\":\"column\",\"props\":{\"image_position\":\"center-center\",\"position_sticky_breakpoint\":\"m\",\"width_medium\":\"1-3\"},\"children\":[{\"type\":\"image\",\"props\":{\"image\":\"wp-content\\\/uploads\\\/2026\\\/03\\\/FotografiaConscient_AnnaSoldevila_245-scaled-e1774348867488.jpg\",\"image_alt\":\"Reflexologia podal\",\"image_svg_color\":\"emphasis\",\"margin\":\"default\"}}]},{\"type\":\"column\",\"props\":{\"image_position\":\"center-center\",\"position_sticky_breakpoint\":\"m\",\"width_medium\":\"2-3\"},\"children\":[{\"type\":\"headline\",\"props\":{\"content\":\"TERAPIA\",\"text_align\":\"left\",\"title_element\":\"h1\",\"title_style\":\"h5\"}},{\"type\":\"headline\",\"props\":{\"content\":\"Reflexolog\\u00eda Podal\",\"margin\":\"medium\",\"margin_remove_bottom\":true,\"margin_remove_top\":true,\"text_align\":\"left\",\"title_element\":\"h1\",\"title_style\":\"heading-small\"}},{\"type\":\"text\",\"props\":{\"column_breakpoint\":\"m\",\"content\":\"\n\n<p>La Reflexolog\\u00eda Podal es una t\\u00e9cnica manual oriental, una rama de la medicina china que consiste en realizar presi\\u00f3n a diferentes puntos de los pies, donde se encuentran reflejas cada una de las partes de nuestro cuerpo y \\u00f3rganos. Trata de dinamizar, activar, desbloquear y hacer fluir nuestro interior y funciones org\\u00e1nicas que necesitan un poco de ayuda.<\\\/p>\\n\n\n<p>La intenci\\u00f3n es equilibrar el cuerpo f\\u00edsico para sumar en el estado energ\\u00e9tico y emocional de la persona pudiendo liberar lo que necesita salir. Personalmente, creo que el contacto con los pies nos lleva la atenci\\u00f3n en el cuerpo de manera r\\u00e1pida, pudiendo descansar en la sensaci\\u00f3n de la Tierra y relajando todos los sistemas.<\\\/p>\\n\n\n<p>La intuici\\u00f3n y la escucha son tambi\\u00e9n una buena gu\\u00eda en este espacio corporal y si durante la sesi\\u00f3n siento trabajar con otras partes del cuerpo y t\\u00e9cnicas como la m\\u00fasica o la terapia floral, as\\u00ed lo har\\u00e9. Una vez m\\u00e1s, se trata de estar entregada y al servicio de lo que se precisa en la sesi\\u00f3n.<\\\/p>\",\"margin\":\"default\",\"text_align\":\"justify\"}}]}],\"props\":{\"column_gap\":\"large\",\"layout\":\"1-3,2-3\"}},{\"type\":\"row\",\"children\":[{\"type\":\"column\",\"props\":{\"image_position\":\"center-center\",\"position_sticky_breakpoint\":\"m\",\"width_medium\":\"1-3\"},\"children\":[{\"type\":\"image\",\"props\":{\"image\":\"wp-content\\\/uploads\\\/2023\\\/08\\\/Ana_web_1-1.jpg\",\"image_svg_color\":\"emphasis\",\"link\":\"es\\\/equipo\\\/anna-soldevila\\\/\",\"margin\":\"default\"}}]},{\"type\":\"column\",\"props\":{\"image_position\":\"center-center\",\"position_sticky_breakpoint\":\"m\",\"width_medium\":\"2-3\"},\"children\":[{\"type\":\"fragment\",\"props\":{\"margin\":\"default\"},\"children\":[{\"type\":\"row\",\"children\":[{\"type\":\"column\",\"props\":{\"image_position\":\"center-center\",\"position_sticky_breakpoint\":\"m\"},\"children\":[{\"type\":\"headline\",\"props\":{\"content\":\"Terapeuta\",\"title_element\":\"h1\",\"title_style\":\"h2\"}}]}]},{\"type\":\"row\",\"props\":{\"divider\":true,\"layout\":\"3-5,2-5\",\"margin\":\"default\"},\"children\":[{\"type\":\"column\",\"props\":{\"image_position\":\"center-center\",\"position_sticky_breakpoint\":\"m\",\"width_medium\":\"3-5\"},\"children\":[{\"type\":\"panel\",\"props\":{\"content\":\"\n\n<p>Terapeuta integrativa y acompa\\u00f1ante de procesos terap\\u00e9uticos de individuaci\\u00f3n, profundizaci\\u00f3n y reencuentro con el Ser. Astr\\u00f3loga, terapeuta sist\\u00e9mica, cristaloterapeuta para la mujer y la consciencia c\\u00edclica, terapeuta floral, terapeuta corporal y m\\u00fasica.<span><\\\/span><\\\/p>\",\"content_column_breakpoint\":\"m\",\"icon_width\":80,\"image\":\"\",\"image_align\":\"right\",\"image_grid_breakpoint\":\"s\",\"image_grid_row_gap\":\"large\",\"image_grid_width\":\"2-5\",\"image_link\":true,\"image_svg_color\":\"emphasis\",\"image_transition\":\"scale-up\",\"image_vertical_align\":false,\"image_width\":\"400\",\"link\":\"es\\\/equipo\\\/anna-soldevila\\\/\",\"link_style\":\"secondary\",\"link_text\":\"VER M\\u00c1S\",\"margin\":\"default\",\"meta\":\"\",\"meta_align\":\"above-title\",\"meta_element\":\"div\",\"meta_style\":\"h2\",\"panel_link\":true,\"title\":\"ANNA SOLDEVILA VILA\",\"title_align\":\"top\",\"title_element\":\"h3\",\"title_grid_breakpoint\":\"m\",\"title_grid_width\":\"1-2\",\"title_hover_style\":\"heading\",\"title_link\":true,\"title_style\":\"h4\"},\"name\":\"Terapeuta\"}]},{\"type\":\"column\",\"props\":{\"image_position\":\"center-center\",\"position_sticky_breakpoint\":\"m\",\"width_medium\":\"2-5\"},\"children\":[{\"type\":\"headline\",\"props\":{\"content\":\"\n\n<p><strong>Precio:<\\\/strong><\\\/p>\\n\n\n<p>60 \\u20ac \\\/ 1 hora<\\\/p>\",\"title_element\":\"h1\",\"title_style\":\"h5\"},\"name\":\"Precios\"},{\"type\":\"headline\",\"props\":{\"content\":\"\n\n<p><strong>Reservar cita:<\\\/strong><\\\/p>\",\"margin\":\"medium\",\"margin_remove_bottom\":true,\"title_element\":\"h1\",\"title_style\":\"h5\"},\"name\":\"Reserva\"},{\"type\":\"list\",\"props\":{\"column_breakpoint\":\"m\",\"content_style\":\"h5\",\"icon_width\":\"24\",\"image_align\":\"left\",\"image_svg_color\":\"emphasis\",\"image_vertical_align\":true,\"link_style\":\"text\",\"list_element\":\"ul\",\"list_horizontal_separator\":\", \",\"list_type\":\"vertical\",\"margin\":\"default\",\"margin_remove_top\":false,\"show_image\":true,\"show_link\":true},\"children\":[{\"type\":\"list_item\",\"props\":{\"content\":\"\n\n<p><a href=\\\"https:\\\/\\\/wa.me\\\/+34660759473\\\">660 759 473<\\\/a><\\\/p>\",\"icon\":\"whatsapp\",\"link\":\"https:\\\/\\\/api.whatsapp.com\\\/send\\\/?phone=%2B34653934426&text&type=phone_number&app_absent=0\"}},{\"type\":\"list_item\",\"props\":{\"content\":\"\n\n<p><a href=\\\"mailto:anna@solde-essencia.com\\\" target=\\\"_blank\\\" rel=\\\"noopener\\\">anna@solde-essencia.com<\\\/a><a href=\\\"mailto:marfilolga@gmail.com\\\"><\\\/a><\\\/p>\",\"icon\":\"mail\",\"link\":\"mailto:anna@solde-essencia.com\",\"link_target\":true}},{\"type\":\"list_item\",\"props\":{\"content\":\"\n\n<p>www.solde-essencia.com<\\\/p>\",\"icon\":\"world\",\"link\":\"http:\\\/\\\/www.solde-essencia.com\",\"link_target\":true}},{\"type\":\"list_item\",\"props\":{\"content\":\"\n\n<p>@solde.essencia<\\\/p>\",\"icon\":\"instagram\",\"link\":\"https:\\\/\\\/www.instagram.com\\\/solde.essencia\"}},{\"type\":\"list_item\",\"props\":{\"content\":\"\n\n<p>@essencia395<\\\/p>\",\"icon\":\"youtube\",\"link\":\"https:\\\/\\\/www.youtube.com\\\/@essencia395\"}}],\"name\":\"List\"}]}]}]}]}],\"props\":{\"column_gap\":\"large\",\"divider\":false,\"layout\":\"1-3,2-3\",\"margin\":\"large\",\"width\":\"default\"}},{\"type\":\"row\",\"children\":[{\"type\":\"column\",\"props\":{\"image_position\":\"center-center\",\"position_sticky_breakpoint\":\"m\",\"width_medium\":\"1-3\"}},{\"type\":\"column\",\"props\":{\"image_position\":\"center-center\",\"position_sticky_breakpoint\":\"m\",\"width_medium\":\"2-3\"},\"children\":[{\"type\":\"button\",\"props\":{\"fullwidth\":false,\"grid_column_gap\":\"small\",\"grid_row_gap\":\"small\",\"margin\":\"medium\",\"margin_remove_top\":false,\"text_align\":\"left\"},\"children\":[{\"type\":\"button_item\",\"props\":{\"button_style\":\"primary\",\"content\":\"TERAPIAS\",\"icon\":\"arrow-left\",\"icon_align\":\"left\",\"link\":\"es\\\/terapias\"}}]}]}],\"props\":{\"column_gap\":\"large\",\"divider\":false,\"layout\":\"1-3,2-3\",\"margin\":\"large\",\"width\":\"default\"}}]}],\"version\":\"4.4.16\"} --><\/p>\n","protected":false},"excerpt":{"rendered":"<p>TERAPIA Reflexolog\u00eda Podal La Reflexolog\u00eda Podal es una t\u00e9cnica manual oriental, una rama de la medicina china que consiste en realizar presi\u00f3n a diferentes puntos de los pies, donde se encuentran reflejas cada una de las partes de nuestro cuerpo y \u00f3rganos. Trata de dinamizar, activar, desbloquear y hacer fluir nuestro interior y funciones org\u00e1nicas [&hellip;]<\/p>\n","protected":false},"author":433,"featured_media":0,"parent":1781,"menu_order":7,"comment_status":"closed","ping_status":"closed","template":"","meta":{"iawp_total_views":66,"_joinchat":[],"footnotes":""},"class_list":["post-1996","page","type-page","status-publish","hentry"],"yoast_head":"<!-- This site is optimized with the Yoast SEO plugin v25.8 - https:\/\/yoast.com\/wordpress\/plugins\/seo\/ -->\n<title>Reflexolog\u00eda Podal - Cercle Vital<\/title>\n<meta name=\"robots\" content=\"index, follow, max-snippet:-1, max-image-preview:large, max-video-preview:-1\" \/>\n<link rel=\"canonical\" href=\"https:\/\/cerclevital.com\/terapies\/reflexologia-podal\/\" \/>\n<meta property=\"og:locale\" content=\"es_ES\" \/>\n<meta property=\"og:type\" content=\"article\" \/>\n<meta property=\"og:title\" content=\"Reflexolog\u00eda Podal - Cercle Vital\" \/>\n<meta property=\"og:description\" content=\"TERAPIA Reflexolog\u00eda Podal La Reflexolog\u00eda Podal es una t\u00e9cnica manual oriental, una rama de la medicina china que consiste en realizar presi\u00f3n a diferentes puntos de los pies, donde se encuentran reflejas cada una de las partes de nuestro cuerpo y \u00f3rganos. Trata de dinamizar, activar, desbloquear y hacer fluir nuestro interior y funciones org\u00e1nicas [&hellip;]\" \/>\n<meta property=\"og:url\" content=\"https:\/\/cerclevital.com\/terapies\/reflexologia-podal\/\" \/>\n<meta property=\"og:site_name\" content=\"Cercle Vital\" \/>\n<meta property=\"article:publisher\" content=\"https:\/\/www.instagram.com\/cerclevitalgirona\" \/>\n<meta property=\"article:modified_time\" content=\"2026-03-24T10:43:03+00:00\" \/>\n<meta name=\"twitter:card\" content=\"summary_large_image\" \/>\n<meta name=\"twitter:label1\" content=\"Tiempo de lectura\" \/>\n\t<meta name=\"twitter:data1\" content=\"1 minuto\" \/>\n<script type=\"application\/ld+json\" class=\"yoast-schema-graph\">{\"@context\":\"https:\/\/schema.org\",\"@graph\":[{\"@type\":\"WebPage\",\"@id\":\"https:\/\/cerclevital.com\/terapies\/reflexologia-podal\/\",\"url\":\"https:\/\/cerclevital.com\/terapies\/reflexologia-podal\/\",\"name\":\"Reflexolog\u00eda Podal - Cercle Vital\",\"isPartOf\":{\"@id\":\"https:\/\/cerclevital.com\/#website\"},\"datePublished\":\"2023-08-31T09:16:36+00:00\",\"dateModified\":\"2026-03-24T10:43:03+00:00\",\"breadcrumb\":{\"@id\":\"https:\/\/cerclevital.com\/terapies\/reflexologia-podal\/#breadcrumb\"},\"inLanguage\":\"es\",\"potentialAction\":[{\"@type\":\"ReadAction\",\"target\":[\"https:\/\/cerclevital.com\/terapies\/reflexologia-podal\/\"]}]},{\"@type\":\"BreadcrumbList\",\"@id\":\"https:\/\/cerclevital.com\/terapies\/reflexologia-podal\/#breadcrumb\",\"itemListElement\":[{\"@type\":\"ListItem\",\"position\":1,\"name\":\"Inici\",\"item\":\"https:\/\/cerclevital.com\/es\/\"},{\"@type\":\"ListItem\",\"position\":2,\"name\":\"Terapias\",\"item\":\"https:\/\/cerclevital.com\/es\/terapias\/\"},{\"@type\":\"ListItem\",\"position\":3,\"name\":\"Reflexolog\u00eda Podal\"}]},{\"@type\":\"WebSite\",\"@id\":\"https:\/\/cerclevital.com\/#website\",\"url\":\"https:\/\/cerclevital.com\/\",\"name\":\"Cercle Vital\",\"description\":\"Salut, Consci\u00e8ncia i Desenvolupament hum\u00e0\",\"publisher\":{\"@id\":\"https:\/\/cerclevital.com\/#organization\"},\"potentialAction\":[{\"@type\":\"SearchAction\",\"target\":{\"@type\":\"EntryPoint\",\"urlTemplate\":\"https:\/\/cerclevital.com\/?s={search_term_string}\"},\"query-input\":{\"@type\":\"PropertyValueSpecification\",\"valueRequired\":true,\"valueName\":\"search_term_string\"}}],\"inLanguage\":\"es\"},{\"@type\":\"Organization\",\"@id\":\"https:\/\/cerclevital.com\/#organization\",\"name\":\"Cercle Vital\",\"url\":\"https:\/\/cerclevital.com\/\",\"logo\":{\"@type\":\"ImageObject\",\"inLanguage\":\"es\",\"@id\":\"https:\/\/cerclevital.com\/#\/schema\/logo\/image\/\",\"url\":\"http:\/\/cerclevital.com\/wp-content\/uploads\/2023\/09\/default_image_rs.png\",\"contentUrl\":\"http:\/\/cerclevital.com\/wp-content\/uploads\/2023\/09\/default_image_rs.png\",\"width\":1200,\"height\":630,\"caption\":\"Cercle Vital\"},\"image\":{\"@id\":\"https:\/\/cerclevital.com\/#\/schema\/logo\/image\/\"},\"sameAs\":[\"https:\/\/www.instagram.com\/cerclevitalgirona\",\"https:\/\/www.facebook.com\/cerclevitalgirona\"]}]}<\/script>\n<!-- \/ Yoast SEO plugin. -->","yoast_head_json":{"title":"Reflexolog\u00eda Podal - Cercle Vital","robots":{"index":"index","follow":"follow","max-snippet":"max-snippet:-1","max-image-preview":"max-image-preview:large","max-video-preview":"max-video-preview:-1"},"canonical":"https:\/\/cerclevital.com\/terapies\/reflexologia-podal\/","og_locale":"es_ES","og_type":"article","og_title":"Reflexolog\u00eda Podal - Cercle Vital","og_description":"TERAPIA Reflexolog\u00eda Podal La Reflexolog\u00eda Podal es una t\u00e9cnica manual oriental, una rama de la medicina china que consiste en realizar presi\u00f3n a diferentes puntos de los pies, donde se encuentran reflejas cada una de las partes de nuestro cuerpo y \u00f3rganos. Trata de dinamizar, activar, desbloquear y hacer fluir nuestro interior y funciones org\u00e1nicas [&hellip;]","og_url":"https:\/\/cerclevital.com\/terapies\/reflexologia-podal\/","og_site_name":"Cercle Vital","article_publisher":"https:\/\/www.instagram.com\/cerclevitalgirona","article_modified_time":"2026-03-24T10:43:03+00:00","twitter_card":"summary_large_image","twitter_misc":{"Tiempo de lectura":"1 minuto"},"schema":{"@context":"https:\/\/schema.org","@graph":[{"@type":"WebPage","@id":"https:\/\/cerclevital.com\/terapies\/reflexologia-podal\/","url":"https:\/\/cerclevital.com\/terapies\/reflexologia-podal\/","name":"Reflexolog\u00eda Podal - Cercle Vital","isPartOf":{"@id":"https:\/\/cerclevital.com\/#website"},"datePublished":"2023-08-31T09:16:36+00:00","dateModified":"2026-03-24T10:43:03+00:00","breadcrumb":{"@id":"https:\/\/cerclevital.com\/terapies\/reflexologia-podal\/#breadcrumb"},"inLanguage":"es","potentialAction":[{"@type":"ReadAction","target":["https:\/\/cerclevital.com\/terapies\/reflexologia-podal\/"]}]},{"@type":"BreadcrumbList","@id":"https:\/\/cerclevital.com\/terapies\/reflexologia-podal\/#breadcrumb","itemListElement":[{"@type":"ListItem","position":1,"name":"Inici","item":"https:\/\/cerclevital.com\/es\/"},{"@type":"ListItem","position":2,"name":"Terapias","item":"https:\/\/cerclevital.com\/es\/terapias\/"},{"@type":"ListItem","position":3,"name":"Reflexolog\u00eda Podal"}]},{"@type":"WebSite","@id":"https:\/\/cerclevital.com\/#website","url":"https:\/\/cerclevital.com\/","name":"Cercle Vital","description":"Salut, Consci\u00e8ncia i Desenvolupament hum\u00e0","publisher":{"@id":"https:\/\/cerclevital.com\/#organization"},"potentialAction":[{"@type":"SearchAction","target":{"@type":"EntryPoint","urlTemplate":"https:\/\/cerclevital.com\/?s={search_term_string}"},"query-input":{"@type":"PropertyValueSpecification","valueRequired":true,"valueName":"search_term_string"}}],"inLanguage":"es"},{"@type":"Organization","@id":"https:\/\/cerclevital.com\/#organization","name":"Cercle Vital","url":"https:\/\/cerclevital.com\/","logo":{"@type":"ImageObject","inLanguage":"es","@id":"https:\/\/cerclevital.com\/#\/schema\/logo\/image\/","url":"http:\/\/cerclevital.com\/wp-content\/uploads\/2023\/09\/default_image_rs.png","contentUrl":"http:\/\/cerclevital.com\/wp-content\/uploads\/2023\/09\/default_image_rs.png","width":1200,"height":630,"caption":"Cercle Vital"},"image":{"@id":"https:\/\/cerclevital.com\/#\/schema\/logo\/image\/"},"sameAs":["https:\/\/www.instagram.com\/cerclevitalgirona","https:\/\/www.facebook.com\/cerclevitalgirona"]}]}},"_links":{"self":[{"href":"https:\/\/cerclevital.com\/es\/wp-json\/wp\/v2\/pages\/1996","targetHints":{"allow":["GET"]}}],"collection":[{"href":"https:\/\/cerclevital.com\/es\/wp-json\/wp\/v2\/pages"}],"about":[{"href":"https:\/\/cerclevital.com\/es\/wp-json\/wp\/v2\/types\/page"}],"author":[{"embeddable":true,"href":"https:\/\/cerclevital.com\/es\/wp-json\/wp\/v2\/users\/433"}],"replies":[{"embeddable":true,"href":"https:\/\/cerclevital.com\/es\/wp-json\/wp\/v2\/comments?post=1996"}],"version-history":[{"count":2,"href":"https:\/\/cerclevital.com\/es\/wp-json\/wp\/v2\/pages\/1996\/revisions"}],"predecessor-version":[{"id":20052,"href":"https:\/\/cerclevital.com\/es\/wp-json\/wp\/v2\/pages\/1996\/revisions\/20052"}],"up":[{"embeddable":true,"href":"https:\/\/cerclevital.com\/es\/wp-json\/wp\/v2\/pages\/1781"}],"wp:attachment":[{"href":"https:\/\/cerclevital.com\/es\/wp-json\/wp\/v2\/media?parent=1996"}],"curies":[{"name":"wp","href":"https:\/\/api.w.org\/{rel}","templated":true}]}}