{"id":1734,"date":"2023-08-31T12:07:03","date_gmt":"2023-08-31T11:07:03","guid":{"rendered":"https:\/\/vermutcomunicacion.com\/cerclevital\/?page_id=1734"},"modified":"2025-05-20T11:24:46","modified_gmt":"2025-05-20T10:24:46","slug":"lavinia-martorano","status":"publish","type":"page","link":"https:\/\/cerclevital.com\/es\/equipo\/lavinia-martorano\/","title":{"rendered":"Lavinia Martorano"},"content":{"rendered":"<h1>EQUIPO<\/h1>\n<h1>Lavinia Martorano Vila<\/h1>\n<h2>Terapeuta Gestalt, Transpersonal y Energ\u00e9tica<\/h2>\n<div>\n<p>Desde que recuerdo ya de peque\u00f1a, he tenido inter\u00e9s en todo lo que hace referencia a mi mundo interno y a la expresi\u00f3n de este, el teatro me serv\u00eda para expresar lo que no me atrev\u00eda a expresar en la vida, puesto que la infancia fue complicada. Me hac\u00eda viajar a otras realidades, otros mundos imaginarios y disfrutar del hecho de crear algo que pueda servir para conectar internamente con aquello que siento y externamente con las personas, con la humanidad, con las vivencias que una vez compartidas se transforman en universales.<\/p>\n<p>Estuve a\u00f1os en la inercia de buscar trabajo y trabajar de actriz y de educadora social, viviendo momentos muy bonitos y otros m\u00e1s duros. Lleg\u00f3 un momento en mi vida donde me sent\u00eda agotada. Ten\u00eda, en las \u00e1reas importantes conflictos recurrentes y una sensaci\u00f3n de estancamiento que no sab\u00eda c\u00f3mo resolver: tanto a nivel profesional, de pareja como familiar. Las ganas y la necesidad de ayudarme a m\u00ed misma me llevaron a empezar un proceso personal de terapia. Descubr\u00ed un mundo que me da la posibilidad de acercarme a m\u00ed misma, comprenderme, aceptarme con las partes luminosas y oscuras, descubrir a cada paso, en cada etapa, qui\u00e9n soy, que quiero, darme la posibilidad de SER, en definitiva, un camino hacia mi autenticidad y libertad, mi Esencia.<\/p>\n<p>Siento que es un viaje, el m\u00e1s importante y poderoso que he podido hacer y un compromiso hacia m\u00ed misma que no tiene fin si yo no quiero que lo tenga. <\/p>\n<p>A la vez me llena de sentido y de gratitud estar al servicio, acompa\u00f1ando a otras personas a hacer su propio camino y proceso terap\u00e9utico con las herramientas que tengo al alcance, con las cuales conf\u00edo y siento que conecto y que en mi camino me han ayudado y me ayudan profundamente aport\u00e1ndome elementos esenciales para poder transitar procesos, pasos y etapas personales. Estas son el acompa\u00f1amiento emocional a trav\u00e9s de la terapia gestalt, el trabajo terap\u00e9utico de conexi\u00f3n y conciencia a trav\u00e9s de la sensaci\u00f3n sentida corporal (focusing), la conexi\u00f3n interna con la espiritualidad y la terapia energ\u00e9tica y transpersonal para poder trabajar a nivel hol\u00edstico con nuestro ser y acercar-nos a nuestra esencia.<\/p>\n<p>Siento que cada persona y cada proceso tiene unas necesidades concretas y que las diferentes terapias est\u00e1n al servicio de lo que la persona necesita y de lo que vaya surgiendo a cada paso con el mismo transitar, pudiendo hacer un trabajo integrativo con varias t\u00e9cnicas o centr\u00e1ndonos con alguna de manera m\u00e1s concreta.<\/p>\n<p>A parte de la Formaci\u00f3n de Terapia Gestalt y las formaciones regladas que se nombran en el siguiente apartado he realizado el Curso de Movimiento Psicocorporal sobre Centros de Energ\u00eda (Sistema Rio Abierto, Mariano Castillo, 2023), Sesiones de Trabajo Corporal Integrativo con Punto de Encuentro (Luis Carbajal, 2020-2023), Formaci\u00f3n como terapeuta capacitada en Terapia Energ\u00e9tica LNT\u00ae ( M\u00e9todo Schwiderski, 2023), Cursos de Canalizaci\u00f3n y Crecimiento Espiritual con Luz y Conciencia, desde el 2020 y Formaci\u00f3n en Chamanismo y Sanaci\u00f3n con Luz y Conciencia (2023 ,2024).<\/p>\n<p><strong>Titulaci\u00f3n:<\/strong><\/p>\n<ul>\n<li>Terapeuta Gestalt (Formaci\u00f3n en Terapia Gestalt, Instituto Integrativo de Barcelona, 2019-2022)<\/li>\n<li>Especializaci\u00f3n en Teatro y Gestalt (Instituto Integrativo de Barcelona, 2023)<\/li>\n<li>Programa SAT Intro y SAT 1 (Fundaci\u00f3n Claudio Naranjo, 2019)<\/li>\n<li>Curso del Programa MSC (Mindfulness y Autocompasi\u00f3n, con Esther Mart\u00ednez Lozano, 2022)<\/li>\n<li>Focusing Nivel 1, 2 y 3 (Difundiendo Focusing, formaci\u00f3n avalada por The International Focusing Institute, 2023, 2024)<\/li>\n<li>Actriz (Licenciada en Arte Dram\u00e1tico en el Instituto del Teatro de Barcelona, 2005-2010)<\/li>\n<li>Educadora Social (Diplomada en la UdG, 1998-2001)<\/li>\n<\/ul>\n<\/div>\n<h1>Terapias<\/h1>\n<ul>\n<li>\n<p><img decoding=\"async\" src=\"\/wp-content\/uploads\/2023\/11\/serv_001.jpg\" alt=\"\"><\/p>\n<h3>TERAPIA GESTALT<\/h3>\n<p><a href=\"https:\/\/cerclevital.com\/es\/terapias\/terapia-gestalt\/\">VER M\u00c1S<\/a><\/p>\n<\/li>\n<li>\n<p><img decoding=\"async\" src=\"\/wp-content\/uploads\/2023\/12\/gestalt-corporal-energetica_servicio.jpg\" alt=\"Gestalt corporal y energetica\"><\/p>\n<h3>TERAPIA CORPORAL Y ENERG\u00c9TICA<\/h3>\n<p><a href=\"https:\/\/cerclevital.com\/es\/terapias\/terapia-corporal-y-energetica\/\">VER M\u00c1S<\/a><\/p>\n<\/li>\n<li>\n<p><img decoding=\"async\" src=\"\/wp-content\/uploads\/2023\/12\/terapia-adult_servicio.jpg\" alt=\"Gestalt corporal y energetica\"><\/p>\n<h3>TERAPIA PARA ADULTOS<\/h3>\n<p><a href=\"https:\/\/cerclevital.com\/es\/terapias\/terapia-para-adultos\/\">VER M\u00c1S<\/a><\/p>\n<\/li>\n<li>\n<p><img decoding=\"async\" src=\"\/wp-content\/uploads\/2023\/12\/acom_integratiu_servicios.jpg\" alt=\"Acompanyament integratiu\"><\/p>\n<h3>ACOMPA\u00d1AMIENTO INTEGRATIVO<\/h3>\n<p><a href=\"https:\/\/cerclevital.com\/es\/terapias\/acompanamiento-integrativo\/\">VER M\u00c1S<\/a><\/p>\n<\/li>\n<\/ul>\n<p><img decoding=\"async\" src=\"\/wp-content\/uploads\/2023\/08\/lavinia_web.jpg\" alt=\"\"><\/p>\n<ul>\n<li>\n<p><a href=\"https:\/\/wa.me\/+34629712599\"><\/p>\n<p>629 712 599<a href=\"https:\/\/wa.me\/+34660759473\"><\/a><\/p>\n<p><\/a><\/p>\n<\/li>\n<li>\n<p><a href=\"mailto:laviniavila@gmail.com\"><\/p>\n<p><span>laviniavila@gmail.com<\/span><\/p>\n<p><\/a><\/p>\n<\/li>\n<li>\n<p><a href=\"https:\/\/www.instagram.com\/laviniamartorano.terapeuta\"><\/p>\n<p><span>@laviniamartorano.terapeuta<\/span><\/p>\n<p><\/a><\/p>\n<\/li>\n<\/ul>\n<p>\n    <a href=\"https:\/\/cerclevital.com\/es\/equipo\/\">EQUIPO<\/a>\n<\/p>\n<p><!--more--><br \/>\n<!-- {\"type\":\"layout\",\"children\":[{\"type\":\"section\",\"props\":{\"image_position\":\"center-center\",\"padding\":\"large\",\"style\":\"default\",\"title_breakpoint\":\"xl\",\"title_position\":\"top-left\",\"title_rotation\":\"left\",\"vertical_align\":\"middle\",\"width\":\"default\"},\"children\":[{\"type\":\"row\",\"children\":[{\"type\":\"column\",\"props\":{\"image_position\":\"center-center\",\"position_sticky_breakpoint\":\"m\",\"vertical_align\":\"middle\",\"width_medium\":\"3-5\"},\"children\":[{\"type\":\"headline\",\"props\":{\"content\":\"EQUIPO\",\"text_align\":\"left\",\"title_element\":\"h1\",\"title_style\":\"h5\"}},{\"type\":\"headline\",\"props\":{\"content\":\"Lavinia Martorano Vila\",\"margin\":\"medium\",\"margin_remove_bottom\":true,\"margin_remove_top\":true,\"text_align\":\"left\",\"title_element\":\"h1\",\"title_style\":\"heading-small\"}},{\"type\":\"headline\",\"props\":{\"content\":\"Terapeuta Gestalt, Transpersonal y Energ\\u00e9tica\",\"margin_remove_top\":true,\"text_align\":\"left\",\"title_element\":\"h2\",\"title_style\":\"h4\"}}]},{\"type\":\"column\",\"props\":{\"image_position\":\"center-center\",\"position_sticky_breakpoint\":\"m\",\"vertical_align\":\"bottom\",\"width_medium\":\"2-5\"}}],\"props\":{\"layout\":\"3-5,2-5\"}},{\"type\":\"row\",\"children\":[{\"type\":\"column\",\"props\":{\"image_position\":\"center-center\",\"position_sticky_breakpoint\":\"m\",\"width_medium\":\"3-5\"},\"children\":[{\"type\":\"text\",\"props\":{\"column_breakpoint\":\"m\",\"content\":\"\n\n<p>Desde que recuerdo ya de peque\\u00f1a, he tenido inter\\u00e9s en todo lo que hace referencia a mi mundo interno y a la expresi\\u00f3n de este, el teatro me serv\\u00eda para expresar lo que no me atrev\\u00eda a expresar en la vida, puesto que la infancia fue complicada. Me hac\\u00eda viajar a otras realidades, otros mundos imaginarios y disfrutar del hecho de crear algo que pueda servir para conectar internamente con aquello que siento y externamente con las personas, con la humanidad, con las vivencias que una vez compartidas se transforman en universales.<\\\/p>\\n\n\n<p>Estuve a\\u00f1os en la inercia de buscar trabajo y trabajar de actriz y de educadora social, viviendo momentos muy bonitos y otros m\\u00e1s duros. Lleg\\u00f3 un momento en mi vida donde me sent\\u00eda agotada. Ten\\u00eda, en las \\u00e1reas importantes conflictos recurrentes y una sensaci\\u00f3n de estancamiento que no sab\\u00eda c\\u00f3mo resolver: tanto a nivel profesional, de pareja como familiar. Las ganas y la necesidad de ayudarme a m\\u00ed misma me llevaron a empezar un proceso personal de terapia. Descubr\\u00ed un mundo que me da la posibilidad de acercarme a m\\u00ed misma, comprenderme, aceptarme con las partes luminosas y oscuras, descubrir a cada paso, en cada etapa, qui\\u00e9n soy, que quiero, darme la posibilidad de SER, en definitiva, un camino hacia mi autenticidad y libertad, mi Esencia.<\\\/p>\\n\n\n<p>Siento que es un viaje, el m\\u00e1s importante y poderoso que he podido hacer y un compromiso hacia m\\u00ed misma que no tiene fin si yo no quiero que lo tenga. <br \\\/><br \\\/>A la vez me llena de sentido y de gratitud estar al servicio, acompa\\u00f1ando a otras personas a hacer su propio camino y proceso terap\\u00e9utico con las herramientas que tengo al alcance, con las cuales conf\\u00edo y siento que conecto y que en mi camino me han ayudado y me ayudan profundamente aport\\u00e1ndome elementos esenciales para poder transitar procesos, pasos y etapas personales. Estas son el acompa\\u00f1amiento emocional a trav\\u00e9s de la terapia gestalt, el trabajo terap\\u00e9utico de conexi\\u00f3n y conciencia a trav\\u00e9s de la sensaci\\u00f3n sentida corporal (focusing), la conexi\\u00f3n interna con la espiritualidad y la terapia energ\\u00e9tica y transpersonal para poder trabajar a nivel hol\\u00edstico con nuestro ser y acercar-nos a nuestra esencia.<\\\/p>\\n\n\n<p>Siento que cada persona y cada proceso tiene unas necesidades concretas y que las diferentes terapias est\\u00e1n al servicio de lo que la persona necesita y de lo que vaya surgiendo a cada paso con el mismo transitar, pudiendo hacer un trabajo integrativo con varias t\\u00e9cnicas o centr\\u00e1ndonos con alguna de manera m\\u00e1s concreta.<\\\/p>\\n\n\n<p>A parte de la Formaci\\u00f3n de Terapia Gestalt y las formaciones regladas que se nombran en el siguiente apartado he realizado el Curso de Movimiento Psicocorporal sobre Centros de Energ\\u00eda (Sistema Rio Abierto, Mariano Castillo, 2023), Sesiones de Trabajo Corporal Integrativo con Punto de Encuentro (Luis Carbajal, 2020-2023), Formaci\\u00f3n como terapeuta capacitada en Terapia Energ\\u00e9tica LNT\\u00ae ( M\\u00e9todo Schwiderski, 2023), Cursos de Canalizaci\\u00f3n y Crecimiento Espiritual con Luz y Conciencia, desde el 2020 y Formaci\\u00f3n en Chamanismo y Sanaci\\u00f3n con Luz y Conciencia (2023 ,2024).<\\\/p>\\n\n\n<p><strong>Titulaci\\u00f3n:<\\\/strong><\\\/p>\\n\n\n<ul>\\n\n\n<li>Terapeuta Gestalt (Formaci\\u00f3n en Terapia Gestalt, Instituto Integrativo de Barcelona, 2019-2022)<\\\/li>\\n\n\n<li>Especializaci\\u00f3n en Teatro y Gestalt (Instituto Integrativo de Barcelona, 2023)<\\\/li>\\n\n\n<li>Programa SAT Intro y SAT 1 (Fundaci\\u00f3n Claudio Naranjo, 2019)<\\\/li>\\n\n\n<li>Curso del Programa MSC (Mindfulness y Autocompasi\\u00f3n, con Esther Mart\\u00ednez Lozano, 2022)<\\\/li>\\n\n\n<li>Focusing Nivel 1, 2 y 3 (Difundiendo Focusing, formaci\\u00f3n avalada por The International Focusing Institute, 2023, 2024)<\\\/li>\\n\n\n<li>Actriz (Licenciada en Arte Dram\\u00e1tico en el Instituto del Teatro de Barcelona, 2005-2010)<\\\/li>\\n\n\n<li>Educadora Social (Diplomada en la UdG, 1998-2001)<\\\/li>\\n<\\\/ul>\",\"margin\":\"default\",\"maxwidth\":\"2xlarge\",\"text_align\":\"justify\"}},{\"type\":\"headline\",\"props\":{\"content\":\"Terapias\",\"margin\":\"medium\",\"margin_remove_bottom\":true,\"margin_remove_top\":false,\"text_align\":\"left\",\"title_element\":\"h1\",\"title_style\":\"h1\"}},{\"type\":\"grid\",\"props\":{\"content_column_breakpoint\":\"m\",\"filter_align\":\"left\",\"filter_all\":true,\"filter_grid_breakpoint\":\"m\",\"filter_grid_width\":\"auto\",\"filter_position\":\"top\",\"filter_style\":\"tab\",\"grid_column_align\":false,\"grid_default\":\"1\",\"grid_medium\":\"4\",\"grid_row_align\":false,\"icon_width\":80,\"image_align\":\"top\",\"image_border\":\"circle\",\"image_grid_breakpoint\":\"m\",\"image_grid_width\":\"1-2\",\"image_svg_color\":\"emphasis\",\"item_animation\":true,\"link_margin\":\"small\",\"link_style\":\"text\",\"link_text\":\"VER M\\u00c1S\",\"margin\":\"default\",\"meta_align\":\"below-title\",\"meta_element\":\"div\",\"meta_margin\":\"small\",\"meta_style\":\"text-meta\",\"panel_link\":true,\"show_content\":true,\"show_image\":true,\"show_link\":true,\"show_meta\":true,\"show_title\":true,\"text_align\":\"center\",\"title_align\":\"top\",\"title_element\":\"h3\",\"title_grid_breakpoint\":\"m\",\"title_grid_width\":\"1-2\",\"title_hover_style\":\"reset\",\"title_link\":true,\"title_style\":\"h4\"},\"children\":[{\"type\":\"grid_item\",\"props\":{\"image\":\"wp-content\\\/uploads\\\/2023\\\/11\\\/serv_001.jpg\",\"link\":\"es\\\/terapias\\\/terapia-gestalt\\\/\",\"title\":\"TERAPIA GESTALT\"}},{\"type\":\"grid_item\",\"props\":{\"image\":\"wp-content\\\/uploads\\\/2023\\\/12\\\/gestalt-corporal-energetica_servicio.jpg\",\"image_alt\":\"Gestalt corporal y energetica\",\"link\":\"es\\\/terapias\\\/terapia-corporal-y-energetica\",\"title\":\"TERAPIA CORPORAL Y ENERG\\u00c9TICA\"}},{\"type\":\"grid_item\",\"props\":{\"image\":\"wp-content\\\/uploads\\\/2023\\\/12\\\/terapia-adult_servicio.jpg\",\"image_alt\":\"Gestalt corporal y energetica\",\"link\":\"es\\\/terapias\\\/terapia-para-adultos\",\"title\":\"TERAPIA PARA ADULTOS\"}},{\"type\":\"grid_item\",\"props\":{\"image\":\"wp-content\\\/uploads\\\/2023\\\/12\\\/acom_integratiu_servicios.jpg\",\"image_alt\":\"Acompanyament integratiu\",\"link\":\"es\\\/terapias\\\/acompanamiento-integrativo\",\"title\":\"ACOMPA\\u00d1AMIENTO INTEGRATIVO\"}}],\"name\":\"SERVICIOS\"}]},{\"type\":\"column\",\"props\":{\"image_position\":\"center-center\",\"padding\":\"none\",\"position_sticky_breakpoint\":\"m\",\"width_medium\":\"2-5\"},\"children\":[{\"type\":\"fragment\",\"props\":{\"margin\":\"default\"},\"children\":[{\"type\":\"row\",\"props\":{\"margin_remove_bottom\":true,\"margin_remove_top\":true},\"children\":[{\"type\":\"column\",\"props\":{\"image_position\":\"center-center\",\"position_sticky_breakpoint\":\"m\"},\"children\":[{\"type\":\"image\",\"props\":{\"image\":\"wp-content\\\/uploads\\\/2023\\\/08\\\/lavinia_web.jpg\",\"image_svg_color\":\"emphasis\",\"margin\":\"default\"}}]}]},{\"type\":\"row\",\"props\":{\"margin_remove_top\":true},\"children\":[{\"type\":\"column\",\"props\":{\"image_position\":\"center-center\",\"position_sticky_breakpoint\":\"m\",\"style\":\"card-primary\"},\"children\":[{\"type\":\"list\",\"props\":{\"column_breakpoint\":\"m\",\"content_style\":\"h5\",\"icon_width\":\"24\",\"image_align\":\"left\",\"image_svg_color\":\"emphasis\",\"image_vertical_align\":true,\"link_style\":\"text\",\"list_element\":\"ul\",\"list_horizontal_separator\":\", \",\"list_type\":\"vertical\",\"margin\":\"default\",\"margin_remove_top\":false,\"show_image\":true,\"show_link\":true},\"children\":[{\"type\":\"list_item\",\"props\":{\"content\":\"\n\n<p>629 712 599<a href=\\\"https:\\\/\\\/wa.me\\\/+34660759473\\\"><\\\/a><\\\/p>\",\"icon\":\"whatsapp\",\"link\":\"https:\\\/\\\/wa.me\\\/+34629712599\",\"link_target\":true}},{\"type\":\"list_item\",\"props\":{\"content\":\"\n\n<p><span>laviniavila@gmail.com<\\\/span><\\\/p>\",\"icon\":\"mail\",\"link\":\"mailto:laviniavila@gmail.com\"}},{\"type\":\"list_item\",\"props\":{\"content\":\"\n\n<p><span>@laviniamartorano.terapeuta<\\\/span><\\\/p>\",\"icon\":\"instagram\",\"link\":\"https:\\\/\\\/www.instagram.com\\\/laviniamartorano.terapeuta\",\"link_target\":true}}],\"name\":\"List Anna\"}]}]}]},{\"type\":\"button\",\"props\":{\"button_size\":\"large\",\"fullwidth\":true,\"grid_column_gap\":\"small\",\"grid_row_gap\":\"small\",\"margin\":\"default\",\"text_align\":\"left\"},\"children\":[{\"type\":\"button_item\",\"props\":{\"button_style\":\"secondary\",\"content\":\"EQUIPO\",\"icon\":\"arrow-left\",\"icon_align\":\"left\",\"link\":\"es\\\/equipo\\\/\"}}]}]}],\"props\":{\"column_gap\":\"large\",\"layout\":\"3-5,2-5\"}},{\"type\":\"row\",\"children\":[{\"type\":\"column\",\"props\":{\"image_position\":\"center-center\",\"position_sticky_breakpoint\":\"m\"}}],\"props\":{\"margin\":\"large\"}}]}],\"version\":\"4.4.8\"} --><\/p>\n","protected":false},"excerpt":{"rendered":"<p>EQUIPO Lavinia Martorano Vila Terapeuta Gestalt, Transpersonal y Energ\u00e9tica Desde que recuerdo ya de peque\u00f1a, he tenido inter\u00e9s en todo lo que hace referencia a mi mundo interno y a la expresi\u00f3n de este, el teatro me serv\u00eda para expresar lo que no me atrev\u00eda a expresar en la vida, puesto que la infancia fue [&hellip;]<\/p>\n","protected":false},"author":433,"featured_media":1508,"parent":1618,"menu_order":6,"comment_status":"closed","ping_status":"closed","template":"","meta":{"iawp_total_views":321,"_joinchat":[],"footnotes":""},"class_list":["post-1734","page","type-page","status-publish","has-post-thumbnail","hentry"],"yoast_head":"<!-- This site is optimized with the Yoast SEO plugin v25.8 - https:\/\/yoast.com\/wordpress\/plugins\/seo\/ -->\n<title>Lavinia Martorano - Cercle Vital<\/title>\n<meta name=\"description\" content=\"Terapeuta Gestalt, Transpersonal y Energ\u00e9tica\" \/>\n<meta name=\"robots\" content=\"index, follow, max-snippet:-1, max-image-preview:large, max-video-preview:-1\" \/>\n<link rel=\"canonical\" href=\"https:\/\/cerclevital.com\/es\/equipo\/lavinia-martorano\/\" \/>\n<meta property=\"og:locale\" content=\"es_ES\" \/>\n<meta property=\"og:type\" content=\"article\" \/>\n<meta property=\"og:title\" content=\"Lavinia Martorano - Cercle Vital\" \/>\n<meta property=\"og:description\" content=\"Terapeuta Gestalt, Transpersonal y Energ\u00e9tica\" \/>\n<meta property=\"og:url\" content=\"https:\/\/cerclevital.com\/es\/equipo\/lavinia-martorano\/\" \/>\n<meta property=\"og:site_name\" content=\"Cercle Vital\" \/>\n<meta property=\"article:publisher\" content=\"https:\/\/www.instagram.com\/cerclevitalgirona\" \/>\n<meta property=\"article:modified_time\" content=\"2025-05-20T10:24:46+00:00\" \/>\n<meta property=\"og:image\" content=\"https:\/\/cerclevital.com\/wp-content\/uploads\/2023\/08\/lavinia_web_1-1.jpg\" \/>\n\t<meta property=\"og:image:width\" content=\"1000\" \/>\n\t<meta property=\"og:image:height\" content=\"1000\" \/>\n\t<meta property=\"og:image:type\" content=\"image\/jpeg\" \/>\n<meta name=\"twitter:card\" content=\"summary_large_image\" \/>\n<meta name=\"twitter:label1\" content=\"Tiempo de lectura\" \/>\n\t<meta name=\"twitter:data1\" content=\"5 minutos\" \/>\n<script type=\"application\/ld+json\" class=\"yoast-schema-graph\">{\"@context\":\"https:\/\/schema.org\",\"@graph\":[{\"@type\":\"WebPage\",\"@id\":\"https:\/\/cerclevital.com\/es\/equipo\/lavinia-martorano\/\",\"url\":\"https:\/\/cerclevital.com\/es\/equipo\/lavinia-martorano\/\",\"name\":\"Lavinia Martorano - Cercle Vital\",\"isPartOf\":{\"@id\":\"https:\/\/cerclevital.com\/#website\"},\"primaryImageOfPage\":{\"@id\":\"https:\/\/cerclevital.com\/es\/equipo\/lavinia-martorano\/#primaryimage\"},\"image\":{\"@id\":\"https:\/\/cerclevital.com\/es\/equipo\/lavinia-martorano\/#primaryimage\"},\"thumbnailUrl\":\"https:\/\/cerclevital.com\/wp-content\/uploads\/2023\/08\/lavinia_web_1-1.jpg\",\"datePublished\":\"2023-08-31T11:07:03+00:00\",\"dateModified\":\"2025-05-20T10:24:46+00:00\",\"description\":\"Terapeuta Gestalt, Transpersonal y Energ\u00e9tica\",\"breadcrumb\":{\"@id\":\"https:\/\/cerclevital.com\/es\/equipo\/lavinia-martorano\/#breadcrumb\"},\"inLanguage\":\"es\",\"potentialAction\":[{\"@type\":\"ReadAction\",\"target\":[\"https:\/\/cerclevital.com\/es\/equipo\/lavinia-martorano\/\"]}]},{\"@type\":\"ImageObject\",\"inLanguage\":\"es\",\"@id\":\"https:\/\/cerclevital.com\/es\/equipo\/lavinia-martorano\/#primaryimage\",\"url\":\"https:\/\/cerclevital.com\/wp-content\/uploads\/2023\/08\/lavinia_web_1-1.jpg\",\"contentUrl\":\"https:\/\/cerclevital.com\/wp-content\/uploads\/2023\/08\/lavinia_web_1-1.jpg\",\"width\":1000,\"height\":1000,\"caption\":\"Lavinia Martorano\"},{\"@type\":\"BreadcrumbList\",\"@id\":\"https:\/\/cerclevital.com\/es\/equipo\/lavinia-martorano\/#breadcrumb\",\"itemListElement\":[{\"@type\":\"ListItem\",\"position\":1,\"name\":\"Inici\",\"item\":\"https:\/\/cerclevital.com\/es\/\"},{\"@type\":\"ListItem\",\"position\":2,\"name\":\"Equipo\",\"item\":\"https:\/\/cerclevital.com\/equip\/\"},{\"@type\":\"ListItem\",\"position\":3,\"name\":\"Lavinia Martorano\"}]},{\"@type\":\"WebSite\",\"@id\":\"https:\/\/cerclevital.com\/#website\",\"url\":\"https:\/\/cerclevital.com\/\",\"name\":\"Cercle Vital\",\"description\":\"Salut, Consci\u00e8ncia i Desenvolupament hum\u00e0\",\"publisher\":{\"@id\":\"https:\/\/cerclevital.com\/#organization\"},\"potentialAction\":[{\"@type\":\"SearchAction\",\"target\":{\"@type\":\"EntryPoint\",\"urlTemplate\":\"https:\/\/cerclevital.com\/?s={search_term_string}\"},\"query-input\":{\"@type\":\"PropertyValueSpecification\",\"valueRequired\":true,\"valueName\":\"search_term_string\"}}],\"inLanguage\":\"es\"},{\"@type\":\"Organization\",\"@id\":\"https:\/\/cerclevital.com\/#organization\",\"name\":\"Cercle Vital\",\"url\":\"https:\/\/cerclevital.com\/\",\"logo\":{\"@type\":\"ImageObject\",\"inLanguage\":\"es\",\"@id\":\"https:\/\/cerclevital.com\/#\/schema\/logo\/image\/\",\"url\":\"http:\/\/cerclevital.com\/wp-content\/uploads\/2023\/09\/default_image_rs.png\",\"contentUrl\":\"http:\/\/cerclevital.com\/wp-content\/uploads\/2023\/09\/default_image_rs.png\",\"width\":1200,\"height\":630,\"caption\":\"Cercle Vital\"},\"image\":{\"@id\":\"https:\/\/cerclevital.com\/#\/schema\/logo\/image\/\"},\"sameAs\":[\"https:\/\/www.instagram.com\/cerclevitalgirona\",\"https:\/\/www.facebook.com\/cerclevitalgirona\"]}]}<\/script>\n<!-- \/ Yoast SEO plugin. -->","yoast_head_json":{"title":"Lavinia Martorano - Cercle Vital","description":"Terapeuta Gestalt, Transpersonal y Energ\u00e9tica","robots":{"index":"index","follow":"follow","max-snippet":"max-snippet:-1","max-image-preview":"max-image-preview:large","max-video-preview":"max-video-preview:-1"},"canonical":"https:\/\/cerclevital.com\/es\/equipo\/lavinia-martorano\/","og_locale":"es_ES","og_type":"article","og_title":"Lavinia Martorano - Cercle Vital","og_description":"Terapeuta Gestalt, Transpersonal y Energ\u00e9tica","og_url":"https:\/\/cerclevital.com\/es\/equipo\/lavinia-martorano\/","og_site_name":"Cercle Vital","article_publisher":"https:\/\/www.instagram.com\/cerclevitalgirona","article_modified_time":"2025-05-20T10:24:46+00:00","og_image":[{"width":1000,"height":1000,"url":"https:\/\/cerclevital.com\/wp-content\/uploads\/2023\/08\/lavinia_web_1-1.jpg","type":"image\/jpeg"}],"twitter_card":"summary_large_image","twitter_misc":{"Tiempo de lectura":"5 minutos"},"schema":{"@context":"https:\/\/schema.org","@graph":[{"@type":"WebPage","@id":"https:\/\/cerclevital.com\/es\/equipo\/lavinia-martorano\/","url":"https:\/\/cerclevital.com\/es\/equipo\/lavinia-martorano\/","name":"Lavinia Martorano - Cercle Vital","isPartOf":{"@id":"https:\/\/cerclevital.com\/#website"},"primaryImageOfPage":{"@id":"https:\/\/cerclevital.com\/es\/equipo\/lavinia-martorano\/#primaryimage"},"image":{"@id":"https:\/\/cerclevital.com\/es\/equipo\/lavinia-martorano\/#primaryimage"},"thumbnailUrl":"https:\/\/cerclevital.com\/wp-content\/uploads\/2023\/08\/lavinia_web_1-1.jpg","datePublished":"2023-08-31T11:07:03+00:00","dateModified":"2025-05-20T10:24:46+00:00","description":"Terapeuta Gestalt, Transpersonal y Energ\u00e9tica","breadcrumb":{"@id":"https:\/\/cerclevital.com\/es\/equipo\/lavinia-martorano\/#breadcrumb"},"inLanguage":"es","potentialAction":[{"@type":"ReadAction","target":["https:\/\/cerclevital.com\/es\/equipo\/lavinia-martorano\/"]}]},{"@type":"ImageObject","inLanguage":"es","@id":"https:\/\/cerclevital.com\/es\/equipo\/lavinia-martorano\/#primaryimage","url":"https:\/\/cerclevital.com\/wp-content\/uploads\/2023\/08\/lavinia_web_1-1.jpg","contentUrl":"https:\/\/cerclevital.com\/wp-content\/uploads\/2023\/08\/lavinia_web_1-1.jpg","width":1000,"height":1000,"caption":"Lavinia Martorano"},{"@type":"BreadcrumbList","@id":"https:\/\/cerclevital.com\/es\/equipo\/lavinia-martorano\/#breadcrumb","itemListElement":[{"@type":"ListItem","position":1,"name":"Inici","item":"https:\/\/cerclevital.com\/es\/"},{"@type":"ListItem","position":2,"name":"Equipo","item":"https:\/\/cerclevital.com\/equip\/"},{"@type":"ListItem","position":3,"name":"Lavinia Martorano"}]},{"@type":"WebSite","@id":"https:\/\/cerclevital.com\/#website","url":"https:\/\/cerclevital.com\/","name":"Cercle Vital","description":"Salut, Consci\u00e8ncia i Desenvolupament hum\u00e0","publisher":{"@id":"https:\/\/cerclevital.com\/#organization"},"potentialAction":[{"@type":"SearchAction","target":{"@type":"EntryPoint","urlTemplate":"https:\/\/cerclevital.com\/?s={search_term_string}"},"query-input":{"@type":"PropertyValueSpecification","valueRequired":true,"valueName":"search_term_string"}}],"inLanguage":"es"},{"@type":"Organization","@id":"https:\/\/cerclevital.com\/#organization","name":"Cercle Vital","url":"https:\/\/cerclevital.com\/","logo":{"@type":"ImageObject","inLanguage":"es","@id":"https:\/\/cerclevital.com\/#\/schema\/logo\/image\/","url":"http:\/\/cerclevital.com\/wp-content\/uploads\/2023\/09\/default_image_rs.png","contentUrl":"http:\/\/cerclevital.com\/wp-content\/uploads\/2023\/09\/default_image_rs.png","width":1200,"height":630,"caption":"Cercle Vital"},"image":{"@id":"https:\/\/cerclevital.com\/#\/schema\/logo\/image\/"},"sameAs":["https:\/\/www.instagram.com\/cerclevitalgirona","https:\/\/www.facebook.com\/cerclevitalgirona"]}]}},"_links":{"self":[{"href":"https:\/\/cerclevital.com\/es\/wp-json\/wp\/v2\/pages\/1734","targetHints":{"allow":["GET"]}}],"collection":[{"href":"https:\/\/cerclevital.com\/es\/wp-json\/wp\/v2\/pages"}],"about":[{"href":"https:\/\/cerclevital.com\/es\/wp-json\/wp\/v2\/types\/page"}],"author":[{"embeddable":true,"href":"https:\/\/cerclevital.com\/es\/wp-json\/wp\/v2\/users\/433"}],"replies":[{"embeddable":true,"href":"https:\/\/cerclevital.com\/es\/wp-json\/wp\/v2\/comments?post=1734"}],"version-history":[{"count":0,"href":"https:\/\/cerclevital.com\/es\/wp-json\/wp\/v2\/pages\/1734\/revisions"}],"up":[{"embeddable":true,"href":"https:\/\/cerclevital.com\/es\/wp-json\/wp\/v2\/pages\/1618"}],"wp:featuredmedia":[{"embeddable":true,"href":"https:\/\/cerclevital.com\/es\/wp-json\/wp\/v2\/media\/1508"}],"wp:attachment":[{"href":"https:\/\/cerclevital.com\/es\/wp-json\/wp\/v2\/media?parent=1734"}],"curies":[{"name":"wp","href":"https:\/\/api.w.org\/{rel}","templated":true}]}}